{"id":295,"date":"2025-12-11T08:22:23","date_gmt":"2025-12-11T08:22:23","guid":{"rendered":"https:\/\/pre.multilingualpress.syde.wpinfra.cloud\/?page_id=295"},"modified":"2026-03-10T16:50:20","modified_gmt":"2026-03-10T16:50:20","slug":"carriere","status":"publish","type":"page","link":"https:\/\/pre.multilingualpress.syde.wpinfra.cloud\/fr\/carriere\/","title":{"rendered":"Carri\u00e8re"},"content":{"rendered":"\n<div class=\"wp-block-cover alignfull is-light has-contrast-color has-text-color has-link-color wp-elements-f7befb59b609069ce4d42efac86421a6\" style=\"margin-top:0;margin-bottom:0;padding-top:var(--wp--preset--spacing--80);padding-right:var(--wp--preset--spacing--50);padding-bottom:var(--wp--preset--spacing--80);padding-left:var(--wp--preset--spacing--50);min-height:90vh;aspect-ratio:unset;\"><span aria-hidden=\"true\" class=\"wp-block-cover__background has-base-background-color has-background-dim-100 has-background-dim\"><\/span><div class=\"wp-block-cover__inner-container has-global-padding is-layout-constrained wp-container-core-cover-is-layout-f8d97881 wp-block-cover-is-layout-constrained\">\n<div class=\"wp-block-group has-global-padding is-layout-constrained wp-container-core-group-is-layout-bba2137d wp-block-group-is-layout-constrained\">\n<h1 class=\"wp-block-heading has-text-align-left\" style=\"font-size:clamp(5.174rem, 5.174rem + ((1vw - 0.2rem) * 10.707), 12rem);font-style:normal;font-weight:700;letter-spacing:-0.04em;line-height:0.9\">Carri\u00e8re<\/h1>\n\n\n\n<p style=\"margin-top:var(--wp--preset--spacing--40);margin-bottom:var(--wp--preset--spacing--30);font-size:clamp(1.119rem, 1.119rem + ((1vw - 0.2rem) * 0.99), 1.75rem);font-style:normal;font-weight:400;line-height:1.5\">Rejoignez une \u00e9quipe de 3 500 professionnels fa\u00e7onnant l&rsquo;avenir de l&rsquo;innovation.<\/p>\n\n\n\n<p style=\"margin-bottom:var(--wp--preset--spacing--50);font-size:1.25rem;line-height:1.6\">Nous recrutons actuellement dans 28 sites en Allemagne, au Japon, au Br\u00e9sil et aux \u00c9tats-Unis. L&rsquo;ann\u00e9e derni\u00e8re, nous avons accueilli 412 nouveaux membres d&rsquo;\u00e9quipe et promu 89 employ\u00e9s \u00e0 des postes de direction.<\/p>\n\n\n\n<div class=\"wp-block-buttons is-layout-flex wp-block-buttons-is-layout-flex\">\n<div class=\"wp-block-button\"><a class=\"wp-block-button__link has-custom-font-size wp-element-button\" style=\"padding-top:var(--wp--preset--spacing--30);padding-right:var(--wp--preset--spacing--50);padding-bottom:var(--wp--preset--spacing--30);padding-left:var(--wp--preset--spacing--50);font-size:clamp(0.875rem, 0.875rem + ((1vw - 0.2rem) * 0.353), 1.1rem);\">Voir les postes ouverts<\/a><\/div>\n<\/div>\n<\/div>\n<\/div><\/div>\n","protected":false},"excerpt":{"rendered":"","protected":false},"author":4,"featured_media":0,"parent":0,"menu_order":0,"comment_status":"closed","ping_status":"closed","template":"","meta":{"_acf_changed":false,"_trash_the_other_posts":false,"editor_notices":[],"footnotes":""},"class_list":["post-295","page","type-page","status-publish","hentry"],"acf":[],"_links":{"self":[{"href":"https:\/\/pre.multilingualpress.syde.wpinfra.cloud\/fr\/wp-json\/wp\/v2\/pages\/295","targetHints":{"allow":["GET"]}}],"collection":[{"href":"https:\/\/pre.multilingualpress.syde.wpinfra.cloud\/fr\/wp-json\/wp\/v2\/pages"}],"about":[{"href":"https:\/\/pre.multilingualpress.syde.wpinfra.cloud\/fr\/wp-json\/wp\/v2\/types\/page"}],"author":[{"embeddable":true,"href":"https:\/\/pre.multilingualpress.syde.wpinfra.cloud\/fr\/wp-json\/wp\/v2\/users\/4"}],"replies":[{"embeddable":true,"href":"https:\/\/pre.multilingualpress.syde.wpinfra.cloud\/fr\/wp-json\/wp\/v2\/comments?post=295"}],"version-history":[{"count":3,"href":"https:\/\/pre.multilingualpress.syde.wpinfra.cloud\/fr\/wp-json\/wp\/v2\/pages\/295\/revisions"}],"predecessor-version":[{"id":402,"href":"https:\/\/pre.multilingualpress.syde.wpinfra.cloud\/fr\/wp-json\/wp\/v2\/pages\/295\/revisions\/402"}],"wp:attachment":[{"href":"https:\/\/pre.multilingualpress.syde.wpinfra.cloud\/fr\/wp-json\/wp\/v2\/media?parent=295"}],"curies":[{"name":"wp","href":"https:\/\/api.w.org\/{rel}","templated":true}]}}