{"id":299,"date":"2025-12-11T08:23:14","date_gmt":"2025-12-11T08:23:14","guid":{"rendered":"https:\/\/pre.multilingualpress.syde.wpinfra.cloud\/?page_id=299"},"modified":"2026-03-10T16:49:49","modified_gmt":"2026-03-10T16:49:49","slug":"recherche","status":"publish","type":"page","link":"https:\/\/pre.multilingualpress.syde.wpinfra.cloud\/fr\/recherche\/","title":{"rendered":"Recherche"},"content":{"rendered":"\n<div class=\"wp-block-group alignwide has-global-padding is-layout-constrained wp-container-core-group-is-layout-b679296e wp-block-group-is-layout-constrained\" style=\"padding-top:40px;padding-bottom:40px\">\n<h2 class=\"wp-block-heading has-text-align-center\">Pourquoi choisir la marque Demo Demo<\/h2>\n\n\n\n<div class=\"wp-block-columns alignwide is-layout-flex wp-container-core-columns-is-layout-ea2d2580 wp-block-columns-is-layout-flex\">\n<div class=\"wp-block-column is-layout-flow wp-block-column-is-layout-flow\">\n<div class=\"wp-block-group has-border-color has-global-padding is-layout-constrained wp-container-core-group-is-layout-ef73ebcc wp-block-group-is-layout-constrained\" style=\"border-color:#e0e0e0;border-style:solid;border-width:1px;padding-top:20px;padding-right:20px;padding-bottom:20px;padding-left:20px\">\n<p class=\"has-text-align-center has-x-large-font-size\">\ud83d\udd2c<\/p>\n\n\n\n<h3 class=\"wp-block-heading has-text-align-center has-medium-font-size\">Ax\u00e9 sur la science<\/h3>\n\n\n\n<p class=\"has-text-align-center has-small-font-size\">Nos \u00e9quipes associent une expertise clinique et des informations bas\u00e9es sur les donn\u00e9es pour d\u00e9velopper des th\u00e9rapies cibl\u00e9es dans des domaines \u00e0 fort besoin non satisfait.<\/p>\n<\/div>\n<\/div>\n\n\n\n<div class=\"wp-block-column is-layout-flow wp-block-column-is-layout-flow\">\n<div class=\"wp-block-group has-border-color has-global-padding is-layout-constrained wp-container-core-group-is-layout-ef73ebcc wp-block-group-is-layout-constrained\" style=\"border-color:#e0e0e0;border-style:solid;border-width:1px;padding-top:20px;padding-right:20px;padding-bottom:20px;padding-left:20px\">\n<p class=\"has-text-align-center has-x-large-font-size\">\ud83e\udd1d<\/p>\n\n\n\n<h3 class=\"wp-block-heading has-text-align-center has-medium-font-size\">Centr\u00e9 sur le partenariat<\/h3>\n\n\n\n<p class=\"has-text-align-center has-small-font-size\">\nNous travaillons en \u00e9troite collaboration avec des partenaires, \u00e9tablissant des relations transparentes et \u00e0 long terme autour d&rsquo;objectifs communs.<\/p>\n<\/div>\n<\/div>\n\n\n\n<div class=\"wp-block-column is-layout-flow wp-block-column-is-layout-flow\">\n<div class=\"wp-block-group has-border-color has-global-padding is-layout-constrained wp-container-core-group-is-layout-ef73ebcc wp-block-group-is-layout-constrained\" style=\"border-color:#e0e0e0;border-style:solid;border-width:1px;padding-top:20px;padding-right:20px;padding-bottom:20px;padding-left:20px\">\n<p class=\"has-text-align-center has-x-large-font-size\">\ud83e\ude7a<\/p>\n\n\n\n<h3 class=\"wp-block-heading has-text-align-center has-medium-font-size\">Centr\u00e9 sur le patient<\/h3>\n\n\n\n<p class=\"has-text-align-center has-small-font-size\">De la conception des essais au soutien post-lancement, nous pla\u00e7ons la s\u00e9curit\u00e9 et la qualit\u00e9 de vie des patients au centre de la prise de d\u00e9cision.<\/p>\n<\/div>\n<\/div>\n<\/div>\n<\/div>\n","protected":false},"excerpt":{"rendered":"","protected":false},"author":4,"featured_media":0,"parent":0,"menu_order":0,"comment_status":"closed","ping_status":"closed","template":"","meta":{"_acf_changed":false,"_trash_the_other_posts":false,"editor_notices":[],"footnotes":""},"class_list":["post-299","page","type-page","status-publish","hentry"],"acf":[],"_links":{"self":[{"href":"https:\/\/pre.multilingualpress.syde.wpinfra.cloud\/fr\/wp-json\/wp\/v2\/pages\/299","targetHints":{"allow":["GET"]}}],"collection":[{"href":"https:\/\/pre.multilingualpress.syde.wpinfra.cloud\/fr\/wp-json\/wp\/v2\/pages"}],"about":[{"href":"https:\/\/pre.multilingualpress.syde.wpinfra.cloud\/fr\/wp-json\/wp\/v2\/types\/page"}],"author":[{"embeddable":true,"href":"https:\/\/pre.multilingualpress.syde.wpinfra.cloud\/fr\/wp-json\/wp\/v2\/users\/4"}],"replies":[{"embeddable":true,"href":"https:\/\/pre.multilingualpress.syde.wpinfra.cloud\/fr\/wp-json\/wp\/v2\/comments?post=299"}],"version-history":[{"count":5,"href":"https:\/\/pre.multilingualpress.syde.wpinfra.cloud\/fr\/wp-json\/wp\/v2\/pages\/299\/revisions"}],"predecessor-version":[{"id":400,"href":"https:\/\/pre.multilingualpress.syde.wpinfra.cloud\/fr\/wp-json\/wp\/v2\/pages\/299\/revisions\/400"}],"wp:attachment":[{"href":"https:\/\/pre.multilingualpress.syde.wpinfra.cloud\/fr\/wp-json\/wp\/v2\/media?parent=299"}],"curies":[{"name":"wp","href":"https:\/\/api.w.org\/{rel}","templated":true}]}}