{"id":343,"date":"2025-12-11T11:38:34","date_gmt":"2025-12-11T11:38:34","guid":{"rendered":"https:\/\/pre.multilingualpress.syde.wpinfra.cloud\/?page_id=343"},"modified":"2026-03-10T16:49:18","modified_gmt":"2026-03-10T16:49:18","slug":"partenariats","status":"publish","type":"page","link":"https:\/\/pre.multilingualpress.syde.wpinfra.cloud\/fr\/partenariats\/","title":{"rendered":"Partenariats"},"content":{"rendered":"\n<div class=\"wp-block-group alignwide has-global-padding is-layout-constrained wp-block-group-is-layout-constrained\" style=\"padding-top:80px;padding-bottom:80px\">\n<div class=\"wp-block-columns alignwide is-layout-flex wp-container-core-columns-is-layout-00723822 wp-block-columns-is-layout-flex\">\n<div class=\"wp-block-column is-vertically-aligned-center is-layout-flow wp-block-column-is-layout-flow\" style=\"flex-basis:60%\">\n<p class=\"has-large-font-size\">\n      En collaboration avec nos partenaires, nous acc\u00e9l\u00e9rons la d\u00e9couverte, le d\u00e9veloppement et la livraison de th\u00e9rapies innovantes visant \u00e0 am\u00e9liorer les r\u00e9sultats des patients \u00e0 l&rsquo;\u00e9chelle mondiale.\n   <\/p>\n\n\n\n<div class=\"wp-block-buttons is-layout-flex wp-block-buttons-is-layout-flex\">\n<div class=\"wp-block-button\"><a class=\"wp-block-button__link wp-element-button\">Engager une conversation<\/a><\/div>\n\n\n\n<div class=\"wp-block-button is-style-outline is-style-outline--1\"><a class=\"wp-block-button__link wp-element-button\">T\u00e9l\u00e9charger un aper\u00e7u du partenariat<\/a><\/div>\n<\/div>\n<\/div>\n\n\n\n<div class=\"wp-block-column is-layout-flow wp-block-column-is-layout-flow\" style=\"flex-basis:40%\">\n<figure class=\"wp-block-image size-full\"><img loading=\"lazy\" decoding=\"async\" width=\"1600\" height=\"1138\" src=\"https:\/\/pre.multilingualpress.syde.wpinfra.cloud\/wp-content\/uploads\/2025\/12\/partnership-1.webp\" alt=\"\" class=\"wp-image-345\" srcset=\"https:\/\/pre.multilingualpress.syde.wpinfra.cloud\/fr\/wp-content\/uploads\/sites\/26\/2025\/12\/partnership-1.webp 1600w, https:\/\/pre.multilingualpress.syde.wpinfra.cloud\/fr\/wp-content\/uploads\/sites\/26\/2025\/12\/partnership-1-300x213.webp 300w, https:\/\/pre.multilingualpress.syde.wpinfra.cloud\/fr\/wp-content\/uploads\/sites\/26\/2025\/12\/partnership-1-1024x728.webp 1024w, https:\/\/pre.multilingualpress.syde.wpinfra.cloud\/fr\/wp-content\/uploads\/sites\/26\/2025\/12\/partnership-1-768x546.webp 768w, https:\/\/pre.multilingualpress.syde.wpinfra.cloud\/fr\/wp-content\/uploads\/sites\/26\/2025\/12\/partnership-1-1536x1092.webp 1536w\" sizes=\"auto, (max-width: 1600px) 100vw, 1600px\" \/><\/figure>\n<\/div>\n<\/div>\n<\/div>\n\n\n\n<div class=\"wp-block-group alignwide is-layout-flow wp-block-group-is-layout-flow\" style=\"padding-top:20px;padding-bottom:40px\">\n<h2 class=\"wp-block-heading\">Ce que nous recherchons dans un partenariat<\/h2>\n\n\n\n<div class=\"wp-block-columns alignwide is-layout-flex wp-container-core-columns-is-layout-28f84493 wp-block-columns-is-layout-flex\">\n<div class=\"wp-block-column is-layout-flow wp-block-column-is-layout-flow\">\n<h3 class=\"wp-block-heading\">Recherche et d\u00e9couverte<\/h3>\n\n\n\n<p>\n            Nous collaborons avec des universit\u00e9s, des entreprises biotechnologiques et des instituts de recherche sur des programmes de d\u00e9couverte pr\u00e9coce, la validation de cibles et les sciences translationnelles ax\u00e9es sur des besoins m\u00e9dicaux non satisfaits \u00e9lev\u00e9s.\n         <\/p>\n<\/div>\n\n\n\n<div class=\"wp-block-column is-layout-flow wp-block-column-is-layout-flow\">\n<h3 class=\"wp-block-heading\">D\u00e9veloppement clinique<\/h3>\n\n\n\n<p>\n            Nos \u00e9quipes de d\u00e9veloppement travaillent avec des partenaires pour concevoir et r\u00e9aliser des \u00e9tudes cliniques, partager des informations et soutenir les interactions r\u00e9glementaires des premiers essais sur l&rsquo;homme aux programmes de stade avanc\u00e9.\n         <\/p>\n<\/div>\n\n\n\n<div class=\"wp-block-column is-layout-flow wp-block-column-is-layout-flow\">\n<h3 class=\"wp-block-heading\">Collaboration commerciale<\/h3>\n\n\n\n<p>\n            Nous proposons des mod\u00e8les flexibles, y compris la co-promotion, la licence r\u00e9gionale et les alliances strat\u00e9giques qui exploitent notre empreinte mondiale, notre expertise en affaires m\u00e9dicales et nos capacit\u00e9s d&rsquo;acc\u00e8s au march\u00e9.\n         <\/p>\n<\/div>\n<\/div>\n<\/div>\n\n\n\n<div class=\"wp-block-group alignwide is-layout-flow wp-block-group-is-layout-flow\" style=\"border-top-color:#e0e0e0;border-top-style:solid;border-top-width:1px;padding-top:40px;padding-bottom:40px\">\n<div class=\"wp-block-columns alignwide is-layout-flex wp-container-core-columns-is-layout-6127943d wp-block-columns-is-layout-flex\">\n<div class=\"wp-block-column is-layout-flow wp-block-column-is-layout-flow\" style=\"flex-basis:60%\">\n<h2 class=\"wp-block-heading\">Pourquoi s&rsquo;associer avec Demo Demo Brand<\/h2>\n\n\n\n<p>\n            Demo Pharma est une entreprise ax\u00e9e sur la science sp\u00e9cialis\u00e9e. Notre \u00e9tat d&rsquo;esprit de partenariat est ouvert, transparent et bas\u00e9 sur la cr\u00e9ation de valeur \u00e0 long terme pour toutes les parties prenantes.\n         <\/p>\n\n\n\n<ul class=\"wp-block-list\">\n<li>Capacit\u00e9s int\u00e9gr\u00e9es de la d\u00e9couverte au lancement commercial<\/li>\n\n\n\n<li>\u00c9quipes de d\u00e9veloppement et r\u00e9glementaires mondiales exp\u00e9riment\u00e9es<\/li>\n\n\n\n<li>Relations \u00e9tablies avec les investigateurs et les centres d&rsquo;excellence<\/li>\n\n\n\n<li>Gestion des alliances d\u00e9di\u00e9e pour soutenir la collaboration au quotidien<\/li>\n<\/ul>\n<\/div>\n\n\n\n<div class=\"wp-block-column is-layout-flow wp-block-column-is-layout-flow\" style=\"flex-basis:40%\">\n<div class=\"wp-block-group has-border-color has-global-padding is-layout-constrained wp-container-core-group-is-layout-dc0c9796 wp-block-group-is-layout-constrained\" style=\"border-color:#e0e0e0;border-style:solid;border-width:1px;padding-top:24px;padding-right:24px;padding-bottom:24px;padding-left:24px\">\n<h3 class=\"wp-block-heading\">Aper\u00e7u du partenariat<\/h3>\n\n\n\n<ul class=\"wp-block-list\">\n<li>Plus de 20 collaborations actives en R&amp;D<\/li>\n\n\n\n<li>Pr\u00e9sence dans plus de 30 march\u00e9s<\/li>\n\n\n\n<li>Mod\u00e8le de gouvernance d&rsquo;alliance interfonctionnelle<\/li>\n\n\n\n<li>Structures d&rsquo;accord flexibles et options de co-investissement<\/li>\n<\/ul>\n<\/div>\n<\/div>\n<\/div>\n<\/div>\n\n\n\n<div class=\"wp-block-group alignwide is-layout-flow wp-block-group-is-layout-flow\" style=\"padding-top:40px;padding-bottom:40px\">\n<h2 class=\"wp-block-heading has-text-align-center\">Nos mod\u00e8les de partenariat<\/h2>\n\n\n\n<div class=\"wp-block-columns alignwide is-layout-flex wp-container-core-columns-is-layout-28f84493 wp-block-columns-is-layout-flex\">\n<div class=\"wp-block-column is-layout-flow wp-block-column-is-layout-flow\">\n<div class=\"wp-block-group has-border-color has-global-padding is-layout-constrained wp-container-core-group-is-layout-3bcd2578 wp-block-group-is-layout-constrained\" style=\"border-color:#e0e0e0;border-style:solid;border-width:1px;padding-top:24px;padding-right:24px;padding-bottom:24px;padding-left:24px\">\n<h3 class=\"wp-block-heading\">Collaborations au stade pr\u00e9coce<\/h3>\n\n\n\n<p>\n               Id\u00e9al pour les m\u00e9canismes ou plates-formes novateurs aux stades pr\u00e9clinique et clinique pr\u00e9coce. Nous apportons une expertise scientifique, une expertise en d\u00e9veloppement et une participation en capital en option.\n            <\/p>\n<\/div>\n<\/div>\n\n\n\n<div class=\"wp-block-column is-layout-flow wp-block-column-is-layout-flow\">\n<div class=\"wp-block-group has-border-color has-global-padding is-layout-constrained wp-container-core-group-is-layout-3bcd2578 wp-block-group-is-layout-constrained\" style=\"border-color:#e0e0e0;border-style:solid;border-width:1px;padding-top:24px;padding-right:24px;padding-bottom:24px;padding-left:24px\">\n<h3 class=\"wp-block-heading\">Co-d\u00e9veloppement et co-promotion<\/h3>\n\n\n\n<p>\n               Responsabilit\u00e9 partag\u00e9e pour le d\u00e9veloppement, les d\u00e9p\u00f4ts r\u00e9glementaires et la commercialisation, avec des structures adapt\u00e9es pour le partage des risques et la concentration r\u00e9gionale.\n            <\/p>\n<\/div>\n<\/div>\n\n\n\n<div class=\"wp-block-column is-layout-flow wp-block-column-is-layout-flow\">\n<div class=\"wp-block-group has-border-color has-global-padding is-layout-constrained wp-container-core-group-is-layout-3bcd2578 wp-block-group-is-layout-constrained\" style=\"border-color:#e0e0e0;border-style:solid;border-width:1px;padding-top:24px;padding-right:24px;padding-bottom:24px;padding-left:24px\">\n<h3 class=\"wp-block-heading\">Licence r\u00e9gionale<\/h3>\n\n\n\n<p>\n               Pour les partenaires d\u00e9sireux d&rsquo;\u00e9tendre leur port\u00e9e en Europe et dans certains march\u00e9s internationaux s\u00e9lectionn\u00e9s, appuy\u00e9s par nos capacit\u00e9s m\u00e9dicales, d&rsquo;acc\u00e8s au march\u00e9 et de cha\u00eene d&rsquo;approvisionnement.\n            <\/p>\n<\/div>\n<\/div>\n<\/div>\n<\/div>\n\n\n\n<div class=\"wp-block-group alignfull has-global-padding is-layout-constrained wp-container-core-group-is-layout-1f0de766 wp-block-group-is-layout-constrained\" style=\"padding-top:48px;padding-right:24px;padding-bottom:48px;padding-left:24px\">\n<div class=\"wp-block-group alignwide is-content-justification-space-between is-layout-flex wp-container-core-group-is-layout-23669fc3 wp-block-group-is-layout-flex\">\n<div class=\"wp-block-group has-global-padding is-layout-constrained wp-block-group-is-layout-constrained\">\n<h2 class=\"wp-block-heading\">Vous envisagez un partenariat potentiel<\/h2>\n\n\n\n<p>\n            Nous examinons toutes les propositions de collaboration de mani\u00e8re confidentielle. Partagez un bref aper\u00e7u de votre actif, de votre technologie ou de votre id\u00e9e et notre \u00e9quipe de partenariat fera suite.\n         <\/p>\n<\/div>\n\n\n\n<div class=\"wp-block-buttons is-layout-flex wp-block-buttons-is-layout-flex\">\n<div class=\"wp-block-button\"><a class=\"wp-block-button__link wp-element-button\">Soumettre une proposition<\/a><\/div>\n<\/div>\n<\/div>\n<\/div>\n\n\n\n<div class=\"wp-block-group alignwide is-layout-flow wp-block-group-is-layout-flow\" style=\"padding-top:48px;padding-bottom:80px\">\n<div class=\"wp-block-columns alignwide is-layout-flex wp-container-core-columns-is-layout-28f84493 wp-block-columns-is-layout-flex\">\n<div class=\"wp-block-column is-layout-flow wp-block-column-is-layout-flow\" style=\"flex-basis:60%\">\n<h2 class=\"wp-block-heading\">Prenez contact<\/h2>\n\n\n\n<p>\n            Pour discuter des opportunit\u00e9s de partenariat, veuillez contacter notre \u00e9quipe de d\u00e9veloppement commercial via le formulaire ci-dessous ou via l&rsquo;adresse e-mail d\u00e9di\u00e9e.\n         <\/p>\n\n\n\n<p class=\"has-small-font-size\">\n            Placeholder du formulaire : ins\u00e9rez ici votre bloc de formulaire de contact pr\u00e9f\u00e9r\u00e9 ou le shortcode du plugin.\n         <\/p>\n<\/div>\n\n\n\n<div class=\"wp-block-column is-layout-flow wp-block-column-is-layout-flow\" style=\"flex-basis:40%\">\n<div class=\"wp-block-group has-border-color has-global-padding is-layout-constrained wp-container-core-group-is-layout-3bcd2578 wp-block-group-is-layout-constrained\" style=\"border-color:#e0e0e0;border-style:solid;border-width:1px;padding-top:24px;padding-right:24px;padding-bottom:24px;padding-left:24px\">\n<h3 class=\"wp-block-heading\">D\u00e9veloppement commercial<\/h3>\n\n\n\n<p>Bureau des partenariats<br>Demo Brand<br>123 Innovation Drive<br>Building A, Suite 400<br>Boston, MA 02110<br>\u00c9tats-Unis<\/p>\n\n\n\n<p>Email : <a href=\"mailto:partnering@examplemarket.com\">partenariat@demomarket.com<\/a><br>T\u00e9l. : +00 000 000 000<\/p>\n<\/div>\n<\/div>\n<\/div>\n<\/div>\n\n\n\n<p><\/p>\n","protected":false},"excerpt":{"rendered":"<p>En collaboration avec nos partenaires, nous acc\u00e9l\u00e9rons la d\u00e9couverte, le d\u00e9veloppement et la livraison de th\u00e9rapies innovantes visant \u00e0 am\u00e9liorer les r\u00e9sultats des patients \u00e0 l&rsquo;\u00e9chelle mondiale. Ce que nous recherchons dans un partenariat Recherche et d\u00e9couverte Nous collaborons avec des universit\u00e9s, des entreprises biotechnologiques et des instituts de recherche sur des programmes de d\u00e9couverte [&hellip;]<\/p>\n","protected":false},"author":4,"featured_media":0,"parent":0,"menu_order":0,"comment_status":"closed","ping_status":"closed","template":"","meta":{"_acf_changed":false,"_trash_the_other_posts":false,"editor_notices":[],"footnotes":""},"class_list":["post-343","page","type-page","status-publish","hentry"],"acf":[],"_links":{"self":[{"href":"https:\/\/pre.multilingualpress.syde.wpinfra.cloud\/fr\/wp-json\/wp\/v2\/pages\/343","targetHints":{"allow":["GET"]}}],"collection":[{"href":"https:\/\/pre.multilingualpress.syde.wpinfra.cloud\/fr\/wp-json\/wp\/v2\/pages"}],"about":[{"href":"https:\/\/pre.multilingualpress.syde.wpinfra.cloud\/fr\/wp-json\/wp\/v2\/types\/page"}],"author":[{"embeddable":true,"href":"https:\/\/pre.multilingualpress.syde.wpinfra.cloud\/fr\/wp-json\/wp\/v2\/users\/4"}],"replies":[{"embeddable":true,"href":"https:\/\/pre.multilingualpress.syde.wpinfra.cloud\/fr\/wp-json\/wp\/v2\/comments?post=343"}],"version-history":[{"count":2,"href":"https:\/\/pre.multilingualpress.syde.wpinfra.cloud\/fr\/wp-json\/wp\/v2\/pages\/343\/revisions"}],"predecessor-version":[{"id":398,"href":"https:\/\/pre.multilingualpress.syde.wpinfra.cloud\/fr\/wp-json\/wp\/v2\/pages\/343\/revisions\/398"}],"wp:attachment":[{"href":"https:\/\/pre.multilingualpress.syde.wpinfra.cloud\/fr\/wp-json\/wp\/v2\/media?parent=343"}],"curies":[{"name":"wp","href":"https:\/\/api.w.org\/{rel}","templated":true}]}}