{"id":301,"date":"2025-12-11T08:23:39","date_gmt":"2025-12-11T08:23:39","guid":{"rendered":"https:\/\/pre.multilingualpress.syde.wpinfra.cloud\/?page_id=301"},"modified":"2026-03-30T11:17:12","modified_gmt":"2026-03-30T11:17:12","slug":"blog-del-marchio-demo","status":"publish","type":"page","link":"https:\/\/pre.multilingualpress.syde.wpinfra.cloud\/it\/blog-del-marchio-demo\/","title":{"rendered":"Blog del marchio demo"},"content":{"rendered":"\n<div class=\"wp-block-group alignwide has-global-padding is-layout-constrained wp-block-group-is-layout-constrained\" style=\"padding-top:64px;padding-bottom:48px\">\n<div class=\"wp-block-columns alignwide is-layout-flex wp-container-core-columns-is-layout-00723822 wp-block-columns-is-layout-flex\">\n<div class=\"wp-block-column is-vertically-aligned-center is-layout-flow wp-block-column-is-layout-flow\" style=\"flex-basis:60%\">\n<p class=\"has-large-font-size\">\n\t\tRimanete aggiornati con le ultime notizie, i comunicati stampa e gli aggiornamenti scientifici del marchio Demo Demo.<\/p>\n\n\n\n<div class=\"wp-block-buttons is-layout-flex wp-block-buttons-is-layout-flex\" style=\"margin-top:24px\">\n<div class=\"wp-block-button\"><a class=\"wp-block-button__link wp-element-button\">Scarica il kit per i media<\/a><\/div>\n\n\n\n<div class=\"wp-block-button is-style-outline is-style-outline--1\"><a class=\"wp-block-button__link wp-element-button\">Contatta le relazioni con i media<\/a><\/div>\n<\/div>\n<\/div>\n\n\n\n<div class=\"wp-block-column is-layout-flow wp-block-column-is-layout-flow\" style=\"flex-basis:40%\">\n<figure class=\"wp-block-image size-large\"><img loading=\"lazy\" decoding=\"async\" width=\"1024\" height=\"683\" src=\"https:\/\/pre.multilingualpress.syde.wpinfra.cloud\/wp-content\/uploads\/2025\/12\/newsroom-1024x683.jpg\" alt=\"\" class=\"wp-image-347\" srcset=\"https:\/\/pre.multilingualpress.syde.wpinfra.cloud\/it\/wp-content\/uploads\/sites\/27\/2025\/12\/newsroom-1024x683.jpg 1024w, https:\/\/pre.multilingualpress.syde.wpinfra.cloud\/it\/wp-content\/uploads\/sites\/27\/2025\/12\/newsroom-300x200.jpg 300w, https:\/\/pre.multilingualpress.syde.wpinfra.cloud\/it\/wp-content\/uploads\/sites\/27\/2025\/12\/newsroom-768x512.jpg 768w, https:\/\/pre.multilingualpress.syde.wpinfra.cloud\/it\/wp-content\/uploads\/sites\/27\/2025\/12\/newsroom-1536x1024.jpg 1536w, https:\/\/pre.multilingualpress.syde.wpinfra.cloud\/it\/wp-content\/uploads\/sites\/27\/2025\/12\/newsroom.jpg 1620w\" sizes=\"auto, (max-width: 1024px) 100vw, 1024px\" \/><\/figure>\n<\/div>\n<\/div>\n<\/div>\n\n\n\n<div class=\"wp-block-group alignwide is-content-justification-space-between is-layout-flex wp-container-core-group-is-layout-32fa19e9 wp-block-group-is-layout-flex\" style=\"border-top-color:#e0e0e0;border-top-style:solid;border-top-width:1px;padding-top:16px;padding-bottom:32px\">\n<p class=\"has-small-font-size\"><strong>Filtrare per argomento<\/strong><\/p>\n\n\n\n<div class=\"wp-block-buttons is-layout-flex wp-container-core-buttons-is-layout-18ab99ad wp-block-buttons-is-layout-flex\">\n<div class=\"wp-block-button is-style-outline is-style-outline--2\"><a class=\"wp-block-button__link has-custom-font-size wp-element-button\" style=\"border-radius:999px;padding-top:6px;padding-right:14px;padding-bottom:6px;padding-left:14px;font-size:13px\">Tutte le notizie<\/a><\/div>\n\n\n\n<div class=\"wp-block-button is-style-outline is-style-outline--3\"><a class=\"wp-block-button__link has-custom-font-size wp-element-button\" style=\"border-radius:999px;padding-top:6px;padding-right:14px;padding-bottom:6px;padding-left:14px;font-size:13px\">Comunicati stampa<\/a><\/div>\n\n\n\n<div class=\"wp-block-button is-style-outline is-style-outline--4\"><a class=\"wp-block-button__link has-custom-font-size wp-element-button\" style=\"border-radius:999px;padding-top:6px;padding-right:14px;padding-bottom:6px;padding-left:14px;font-size:13px\">Aggiornamenti aziendali<\/a><\/div>\n\n\n\n<div class=\"wp-block-button is-style-outline is-style-outline--5\"><a class=\"wp-block-button__link has-custom-font-size wp-element-button\" style=\"border-radius:999px;padding-top:6px;padding-right:14px;padding-bottom:6px;padding-left:14px;font-size:13px\">Pubblicazioni scientifiche<\/a><\/div>\n<\/div>\n<\/div>\n\n\n\n<div class=\"wp-block-query alignwide has-global-padding is-layout-constrained wp-block-query-is-layout-constrained\"><ul class=\"wp-block-post-template is-layout-flow wp-block-post-template-is-layout-flow\"><li class=\"wp-block-post post-380 post type-post status-publish format-standard hentry category-non-classificato\">\n\n<div class=\"wp-block-group has-border-color has-global-padding is-layout-constrained wp-container-core-group-is-layout-0a95d606 wp-block-group-is-layout-constrained\" style=\"border-color:#e0e0e0;border-style:solid;border-width:1px;padding-top:16px;padding-right:16px;padding-bottom:16px;padding-left:16px\"><div style=\"font-size:12px;text-transform:uppercase;letter-spacing:0.08em;margin-bottom:4px\" class=\"taxonomy-category wp-block-post-terms\"><a href=\"https:\/\/pre.multilingualpress.syde.wpinfra.cloud\/it\/blog\/category\/non-classificato\/\" rel=\"tag\">Senza categoria<\/a><\/div>\n\n<h2 style=\"font-size:clamp(14px, 0.875rem + ((1vw - 3.2px) * 0.392), 18px);line-height:1.3;\" class=\"wp-block-post-title\"><a href=\"https:\/\/pre.multilingualpress.syde.wpinfra.cloud\/it\/blog\/questo-e-solo-un-titolo\/\" target=\"_self\" >Questo \u00e8 solo un titolo<\/a><\/h2>\n\n\n<div class=\"wp-block-group is-content-justification-flex-start is-layout-flex wp-container-core-group-is-layout-65cf9b38 wp-block-group-is-layout-flex\"><div style=\"font-size:13px;\" class=\"wp-block-post-date\"><time datetime=\"2026-01-29T16:27:28+00:00\">Gennaio 29, 2026<\/time><\/div>\n\n\n<p>&#8211;<\/p>\n\n\n<div style=\"font-size:13px;\" class=\"wp-block-post-author\"><div class=\"wp-block-post-author__content\"><p class=\"wp-block-post-author__name\">n.gutberlet<\/p><\/div><\/div><\/div>\n\n\n<div style=\"font-size:14px;\" class=\"wp-block-post-excerpt\"><p class=\"wp-block-post-excerpt__excerpt\"><\/p><p class=\"wp-block-post-excerpt__more-text\"><a class=\"wp-block-post-excerpt__more-link\" href=\"https:\/\/pre.multilingualpress.syde.wpinfra.cloud\/it\/blog\/questo-e-solo-un-titolo\/\">Read more<\/a><\/p><\/div><\/div>\n\n<\/li><li class=\"wp-block-post post-372 post type-post status-publish format-standard hentry category-non-classificato\">\n\n<div class=\"wp-block-group has-border-color has-global-padding is-layout-constrained wp-container-core-group-is-layout-0a95d606 wp-block-group-is-layout-constrained\" style=\"border-color:#e0e0e0;border-style:solid;border-width:1px;padding-top:16px;padding-right:16px;padding-bottom:16px;padding-left:16px\"><div style=\"font-size:12px;text-transform:uppercase;letter-spacing:0.08em;margin-bottom:4px\" class=\"taxonomy-category wp-block-post-terms\"><a href=\"https:\/\/pre.multilingualpress.syde.wpinfra.cloud\/it\/blog\/category\/non-classificato\/\" rel=\"tag\">Senza categoria<\/a><\/div>\n\n<h2 style=\"font-size:clamp(14px, 0.875rem + ((1vw - 3.2px) * 0.392), 18px);line-height:1.3;\" class=\"wp-block-post-title\"><a href=\"https:\/\/pre.multilingualpress.syde.wpinfra.cloud\/it\/blog\/metacopia-dellimmagine-di-prova\/\" target=\"_self\" >metacopia dell&#8217;immagine di prova<\/a><\/h2>\n\n\n<div class=\"wp-block-group is-content-justification-flex-start is-layout-flex wp-container-core-group-is-layout-65cf9b38 wp-block-group-is-layout-flex\"><div style=\"font-size:13px;\" class=\"wp-block-post-date\"><time datetime=\"2026-01-26T17:05:47+00:00\">Gennaio 26, 2026<\/time><\/div>\n\n\n<p>&#8211;<\/p>\n\n\n<div style=\"font-size:13px;\" class=\"wp-block-post-author\"><div class=\"wp-block-post-author__content\"><p class=\"wp-block-post-author__name\">n.gutberlet<\/p><\/div><\/div><\/div>\n\n\n<div style=\"font-size:14px;\" class=\"wp-block-post-excerpt\"><p class=\"wp-block-post-excerpt__excerpt\"><\/p><p class=\"wp-block-post-excerpt__more-text\"><a class=\"wp-block-post-excerpt__more-link\" href=\"https:\/\/pre.multilingualpress.syde.wpinfra.cloud\/it\/blog\/metacopia-dellimmagine-di-prova\/\">Read more<\/a><\/p><\/div><\/div>\n\n<\/li><li class=\"wp-block-post post-288 post type-post status-publish format-standard hentry category-non-classificato\">\n\n<div class=\"wp-block-group has-border-color has-global-padding is-layout-constrained wp-container-core-group-is-layout-0a95d606 wp-block-group-is-layout-constrained\" style=\"border-color:#e0e0e0;border-style:solid;border-width:1px;padding-top:16px;padding-right:16px;padding-bottom:16px;padding-left:16px\"><div style=\"font-size:12px;text-transform:uppercase;letter-spacing:0.08em;margin-bottom:4px\" class=\"taxonomy-category wp-block-post-terms\"><a href=\"https:\/\/pre.multilingualpress.syde.wpinfra.cloud\/it\/blog\/category\/non-classificato\/\" rel=\"tag\">Senza categoria<\/a><\/div>\n\n<h2 style=\"font-size:clamp(14px, 0.875rem + ((1vw - 3.2px) * 0.392), 18px);line-height:1.3;\" class=\"wp-block-post-title\"><a href=\"https:\/\/pre.multilingualpress.syde.wpinfra.cloud\/it\/blog\/la-storia-del-paziente\/\" target=\"_self\" >La storia del paziente<\/a><\/h2>\n\n\n<div class=\"wp-block-group is-content-justification-flex-start is-layout-flex wp-container-core-group-is-layout-65cf9b38 wp-block-group-is-layout-flex\"><div style=\"font-size:13px;\" class=\"wp-block-post-date\"><time datetime=\"2025-12-05T19:27:43+00:00\">Dicembre 5, 2025<\/time><\/div>\n\n\n<p>&#8211;<\/p>\n\n\n<div style=\"font-size:13px;\" class=\"wp-block-post-author\"><div class=\"wp-block-post-author__content\"><p class=\"wp-block-post-author__name\">n.gutberlet<\/p><\/div><\/div><\/div>\n\n\n<div style=\"font-size:14px;\" class=\"wp-block-post-excerpt\"><p class=\"wp-block-post-excerpt__excerpt\">Vivere con una malattia rara: Il viaggio di Maria dalla diagnosi alla speranza 29 ottobre 2024 &#8211; 5 min. lettura Quando all&#8217;et\u00e0 di 34 anni a Maria Fern\u00e1ndez fu diagnosticata una rara malattia metabolica, i medici della sua citt\u00e0 natale, Valencia, in Spagna, le dissero che non c&#8217;erano opzioni terapeutiche. Oggi condivide la sua storia<\/p><p class=\"wp-block-post-excerpt__more-text\"><a class=\"wp-block-post-excerpt__more-link\" href=\"https:\/\/pre.multilingualpress.syde.wpinfra.cloud\/it\/blog\/la-storia-del-paziente\/\">Read more<\/a><\/p><\/div><\/div>\n\n<\/li><li class=\"wp-block-post post-287 post type-post status-publish format-standard hentry category-non-classificato\">\n\n<div class=\"wp-block-group has-border-color has-global-padding is-layout-constrained wp-container-core-group-is-layout-0a95d606 wp-block-group-is-layout-constrained\" style=\"border-color:#e0e0e0;border-style:solid;border-width:1px;padding-top:16px;padding-right:16px;padding-bottom:16px;padding-left:16px\"><div style=\"font-size:12px;text-transform:uppercase;letter-spacing:0.08em;margin-bottom:4px\" class=\"taxonomy-category wp-block-post-terms\"><a href=\"https:\/\/pre.multilingualpress.syde.wpinfra.cloud\/it\/blog\/category\/non-classificato\/\" rel=\"tag\">Senza categoria<\/a><\/div>\n\n<h2 style=\"font-size:clamp(14px, 0.875rem + ((1vw - 3.2px) * 0.392), 18px);line-height:1.3;\" class=\"wp-block-post-title\"><a href=\"https:\/\/pre.multilingualpress.syde.wpinfra.cloud\/it\/blog\/approfondimenti-sul-settore\/\" target=\"_self\" >Approfondimenti sul settore<\/a><\/h2>\n\n\n<div class=\"wp-block-group is-content-justification-flex-start is-layout-flex wp-container-core-group-is-layout-65cf9b38 wp-block-group-is-layout-flex\"><div style=\"font-size:13px;\" class=\"wp-block-post-date\"><time datetime=\"2025-12-05T19:27:30+00:00\">Dicembre 5, 2025<\/time><\/div>\n\n\n<p>&#8211;<\/p>\n\n\n<div style=\"font-size:13px;\" class=\"wp-block-post-author\"><div class=\"wp-block-post-author__content\"><p class=\"wp-block-post-author__name\">n.gutberlet<\/p><\/div><\/div><\/div>\n\n\n<div style=\"font-size:14px;\" class=\"wp-block-post-excerpt\"><p class=\"wp-block-post-excerpt__excerpt\">Il futuro della medicina personalizzata: 5 tendenze che caratterizzano il 2025 18 novembre 2024 &#8211; 6 min. lettura La medicina personalizzata non \u00e8 pi\u00f9 una promessa lontana. Ecco i cinque sviluppi che, secondo i nostri team di ricerca, definiranno il panorama nel prossimo anno. 1. La scoperta di farmaci guidata dall&#8217;intelligenza artificiale accelera I modelli<\/p><p class=\"wp-block-post-excerpt__more-text\"><a class=\"wp-block-post-excerpt__more-link\" href=\"https:\/\/pre.multilingualpress.syde.wpinfra.cloud\/it\/blog\/approfondimenti-sul-settore\/\">Read more<\/a><\/p><\/div><\/div>\n\n<\/li><li class=\"wp-block-post post-286 post type-post status-publish format-standard hentry category-non-classificato\">\n\n<div class=\"wp-block-group has-border-color has-global-padding is-layout-constrained wp-container-core-group-is-layout-0a95d606 wp-block-group-is-layout-constrained\" style=\"border-color:#e0e0e0;border-style:solid;border-width:1px;padding-top:16px;padding-right:16px;padding-bottom:16px;padding-left:16px\"><div style=\"font-size:12px;text-transform:uppercase;letter-spacing:0.08em;margin-bottom:4px\" class=\"taxonomy-category wp-block-post-terms\"><a href=\"https:\/\/pre.multilingualpress.syde.wpinfra.cloud\/it\/blog\/category\/non-classificato\/\" rel=\"tag\">Senza categoria<\/a><\/div>\n\n<h2 style=\"font-size:clamp(14px, 0.875rem + ((1vw - 3.2px) * 0.392), 18px);line-height:1.3;\" class=\"wp-block-post-title\"><a href=\"https:\/\/pre.multilingualpress.syde.wpinfra.cloud\/it\/blog\/notizie-aziendali\/\" target=\"_self\" >Notizie aziendali<\/a><\/h2>\n\n\n<div class=\"wp-block-group is-content-justification-flex-start is-layout-flex wp-container-core-group-is-layout-65cf9b38 wp-block-group-is-layout-flex\"><div style=\"font-size:13px;\" class=\"wp-block-post-date\"><time datetime=\"2025-12-05T19:27:13+00:00\">Dicembre 5, 2025<\/time><\/div>\n\n\n<p>&#8211;<\/p>\n\n\n<div style=\"font-size:13px;\" class=\"wp-block-post-author\"><div class=\"wp-block-post-author__content\"><p class=\"wp-block-post-author__name\">n.gutberlet<\/p><\/div><\/div><\/div>\n\n\n<div style=\"font-size:14px;\" class=\"wp-block-post-excerpt\"><p class=\"wp-block-post-excerpt__excerpt\">Il marchio Demo apre una nuova struttura di ricerca a Singapore 3 dicembre 2024 &#8211; 4 min. lettura Siamo orgogliosi di annunciare l&#8217;apertura del nostro nuovo centro di ricerca e sviluppo a Singapore, che segna il nostro pi\u00f9 grande investimento nella regione Asia-Pacifico. La struttura di 12.000 metri quadrati, situata a Biopolis, ospiter\u00e0 340 scienziati<\/p><p class=\"wp-block-post-excerpt__more-text\"><a class=\"wp-block-post-excerpt__more-link\" href=\"https:\/\/pre.multilingualpress.syde.wpinfra.cloud\/it\/blog\/notizie-aziendali\/\">Read more<\/a><\/p><\/div><\/div>\n\n<\/li><li class=\"wp-block-post post-281 post type-post status-publish format-standard hentry category-non-classificato\">\n\n<div class=\"wp-block-group has-border-color has-global-padding is-layout-constrained wp-container-core-group-is-layout-0a95d606 wp-block-group-is-layout-constrained\" style=\"border-color:#e0e0e0;border-style:solid;border-width:1px;padding-top:16px;padding-right:16px;padding-bottom:16px;padding-left:16px\"><div style=\"font-size:12px;text-transform:uppercase;letter-spacing:0.08em;margin-bottom:4px\" class=\"taxonomy-category wp-block-post-terms\"><a href=\"https:\/\/pre.multilingualpress.syde.wpinfra.cloud\/it\/blog\/category\/non-classificato\/\" rel=\"tag\">Senza categoria<\/a><\/div>\n\n<h2 style=\"font-size:clamp(14px, 0.875rem + ((1vw - 3.2px) * 0.392), 18px);line-height:1.3;\" class=\"wp-block-post-title\"><a href=\"https:\/\/pre.multilingualpress.syde.wpinfra.cloud\/it\/blog\/test-di-blocco-personalizzato\/\" target=\"_self\" >test di blocco personalizzato<\/a><\/h2>\n\n\n<div class=\"wp-block-group is-content-justification-flex-start is-layout-flex wp-container-core-group-is-layout-65cf9b38 wp-block-group-is-layout-flex\"><div style=\"font-size:13px;\" class=\"wp-block-post-date\"><time datetime=\"2025-11-09T22:12:27+00:00\">Novembre 9, 2025<\/time><\/div>\n\n\n<p>&#8211;<\/p>\n\n\n<div style=\"font-size:13px;\" class=\"wp-block-post-author\"><div class=\"wp-block-post-author__content\"><p class=\"wp-block-post-author__name\">n.gutberlet<\/p><\/div><\/div><\/div>\n\n\n<div style=\"font-size:14px;\" class=\"wp-block-post-excerpt\"><p class=\"wp-block-post-excerpt__excerpt\"><\/p><p class=\"wp-block-post-excerpt__more-text\"><a class=\"wp-block-post-excerpt__more-link\" href=\"https:\/\/pre.multilingualpress.syde.wpinfra.cloud\/it\/blog\/test-di-blocco-personalizzato\/\">Read more<\/a><\/p><\/div><\/div>\n\n<\/li><\/ul>\n\n\n<div class=\"wp-block-group is-content-justification-space-between is-layout-flex wp-container-core-group-is-layout-c17f25fd wp-block-group-is-layout-flex\" style=\"margin-top:40px\"><\/div>\n<\/div>\n\n\n\n<div class=\"wp-block-group alignwide has-global-padding is-layout-constrained wp-container-core-group-is-layout-a4375f5f wp-block-group-is-layout-constrained\" style=\"border-top-color:#e0e0e0;border-top-style:solid;border-top-width:1px;padding-top:48px;padding-bottom:64px\">\n<h2 class=\"wp-block-heading\">Contatti con i media<\/h2>\n\n\n\n<div class=\"wp-block-columns alignwide is-layout-flex wp-container-core-columns-is-layout-28f84493 wp-block-columns-is-layout-flex\">\n<div class=\"wp-block-column is-layout-flow wp-block-column-is-layout-flow\">\n<h3 class=\"wp-block-heading\">Relazioni con i media a livello globale<\/h3>\n\n\n\n<p>Email: <a href=\"mailto:media@examplemarket.com\">media@examplemarket.com<\/a><br>Telefono: +00 000 000 000<\/p>\n<\/div>\n\n\n\n<div class=\"wp-block-column is-layout-flow wp-block-column-is-layout-flow\">\n<h3 class=\"wp-block-heading\">Richieste degli investitori<\/h3>\n\n\n\n<p>Email: <a href=\"mailto:ir@examplemarket.com\">ir@examplemarket.com<\/a><br>Telefono: +00 000 000 000<\/p>\n<\/div>\n<\/div>\n<\/div>\n","protected":false},"excerpt":{"rendered":"<p>Rimanete aggiornati con le ultime notizie, i comunicati stampa e gli aggiornamenti scientifici del marchio Demo Demo. Filtrare per argomento Contatti con i media Relazioni con i media a livello globale Email: media@examplemarket.comTelefono: +00 000 000 000 Richieste degli investitori Email: ir@examplemarket.comTelefono: +00 000 000 000<\/p>\n","protected":false},"author":4,"featured_media":0,"parent":0,"menu_order":0,"comment_status":"closed","ping_status":"closed","template":"page-no-title","meta":{"_acf_changed":false,"_trash_the_other_posts":false,"editor_notices":[],"footnotes":""},"class_list":["post-301","page","type-page","status-publish","hentry"],"acf":[],"_links":{"self":[{"href":"https:\/\/pre.multilingualpress.syde.wpinfra.cloud\/it\/wp-json\/wp\/v2\/pages\/301","targetHints":{"allow":["GET"]}}],"collection":[{"href":"https:\/\/pre.multilingualpress.syde.wpinfra.cloud\/it\/wp-json\/wp\/v2\/pages"}],"about":[{"href":"https:\/\/pre.multilingualpress.syde.wpinfra.cloud\/it\/wp-json\/wp\/v2\/types\/page"}],"author":[{"embeddable":true,"href":"https:\/\/pre.multilingualpress.syde.wpinfra.cloud\/it\/wp-json\/wp\/v2\/users\/4"}],"replies":[{"embeddable":true,"href":"https:\/\/pre.multilingualpress.syde.wpinfra.cloud\/it\/wp-json\/wp\/v2\/comments?post=301"}],"version-history":[{"count":3,"href":"https:\/\/pre.multilingualpress.syde.wpinfra.cloud\/it\/wp-json\/wp\/v2\/pages\/301\/revisions"}],"predecessor-version":[{"id":401,"href":"https:\/\/pre.multilingualpress.syde.wpinfra.cloud\/it\/wp-json\/wp\/v2\/pages\/301\/revisions\/401"}],"wp:attachment":[{"href":"https:\/\/pre.multilingualpress.syde.wpinfra.cloud\/it\/wp-json\/wp\/v2\/media?parent=301"}],"curies":[{"name":"wp","href":"https:\/\/api.w.org\/{rel}","templated":true}]}}