{"id":343,"date":"2025-12-11T11:38:34","date_gmt":"2025-12-11T11:38:34","guid":{"rendered":"https:\/\/pre.multilingualpress.syde.wpinfra.cloud\/?page_id=343"},"modified":"2026-03-30T11:17:11","modified_gmt":"2026-03-30T11:17:11","slug":"partenariati","status":"publish","type":"page","link":"https:\/\/pre.multilingualpress.syde.wpinfra.cloud\/it\/partenariati\/","title":{"rendered":"Partenariati"},"content":{"rendered":"\n<div class=\"wp-block-group alignwide has-global-padding is-layout-constrained wp-block-group-is-layout-constrained\" style=\"padding-top:80px;padding-bottom:80px\">\n<div class=\"wp-block-columns alignwide is-layout-flex wp-container-core-columns-is-layout-00723822 wp-block-columns-is-layout-flex\">\n<div class=\"wp-block-column is-vertically-aligned-center is-layout-flow wp-block-column-is-layout-flow\" style=\"flex-basis:60%\">\n<p class=\"has-large-font-size\">\n      Insieme ai nostri partner, acceleriamo la scoperta, lo sviluppo e la consegna di terapie innovative che mirano a migliorare i risultati dei pazienti a livello globale.   <\/p>\n\n\n\n<div class=\"wp-block-buttons is-layout-flex wp-block-buttons-is-layout-flex\">\n<div class=\"wp-block-button\"><a class=\"wp-block-button__link wp-element-button\">Inizia una conversazione<\/a><\/div>\n\n\n\n<div class=\"wp-block-button is-style-outline is-style-outline--1\"><a class=\"wp-block-button__link wp-element-button\">Scarica la panoramica delle partnership<\/a><\/div>\n<\/div>\n<\/div>\n\n\n\n<div class=\"wp-block-column is-layout-flow wp-block-column-is-layout-flow\" style=\"flex-basis:40%\">\n<figure class=\"wp-block-image size-full\"><img loading=\"lazy\" decoding=\"async\" width=\"1600\" height=\"1138\" src=\"https:\/\/pre.multilingualpress.syde.wpinfra.cloud\/wp-content\/uploads\/2025\/12\/partnership-1.webp\" alt=\"\" class=\"wp-image-345\" srcset=\"https:\/\/pre.multilingualpress.syde.wpinfra.cloud\/it\/wp-content\/uploads\/sites\/27\/2025\/12\/partnership-1.webp 1600w, https:\/\/pre.multilingualpress.syde.wpinfra.cloud\/it\/wp-content\/uploads\/sites\/27\/2025\/12\/partnership-1-300x213.webp 300w, https:\/\/pre.multilingualpress.syde.wpinfra.cloud\/it\/wp-content\/uploads\/sites\/27\/2025\/12\/partnership-1-1024x728.webp 1024w, https:\/\/pre.multilingualpress.syde.wpinfra.cloud\/it\/wp-content\/uploads\/sites\/27\/2025\/12\/partnership-1-768x546.webp 768w, https:\/\/pre.multilingualpress.syde.wpinfra.cloud\/it\/wp-content\/uploads\/sites\/27\/2025\/12\/partnership-1-1536x1092.webp 1536w\" sizes=\"auto, (max-width: 1600px) 100vw, 1600px\" \/><\/figure>\n<\/div>\n<\/div>\n<\/div>\n\n\n\n<div class=\"wp-block-group alignwide is-layout-flow wp-block-group-is-layout-flow\" style=\"padding-top:20px;padding-bottom:40px\">\n<h2 class=\"wp-block-heading\">Cosa cerchiamo in una partnership<\/h2>\n\n\n\n<div class=\"wp-block-columns alignwide is-layout-flex wp-container-core-columns-is-layout-28f84493 wp-block-columns-is-layout-flex\">\n<div class=\"wp-block-column is-layout-flow wp-block-column-is-layout-flow\">\n<h3 class=\"wp-block-heading\">Ricerca e scoperta<\/h3>\n\n\n\n<p>\n            Collaboriamo con universit\u00e0, aziende biotecnologiche e istituti di ricerca su programmi di scoperta precoce, validazione di target e scienza traslazionale incentrati su esigenze mediche altamente insoddisfatte.         <\/p>\n<\/div>\n\n\n\n<div class=\"wp-block-column is-layout-flow wp-block-column-is-layout-flow\">\n<h3 class=\"wp-block-heading\">Sviluppo clinico<\/h3>\n\n\n\n<p>\n            I nostri team di sviluppo collaborano con i partner per progettare e condurre studi clinici, condividere i dati e supportare le interazioni normative dai primi studi sull&#8217;uomo ai programmi in fase avanzata.         <\/p>\n<\/div>\n\n\n\n<div class=\"wp-block-column is-layout-flow wp-block-column-is-layout-flow\">\n<h3 class=\"wp-block-heading\">Collaborazione commerciale<\/h3>\n\n\n\n<p>\n            Offriamo modelli flessibili, tra cui la co-promozione, le licenze regionali e le alleanze strategiche che sfruttano la nostra impronta globale, la nostra esperienza nel campo degli affari medici e le nostre capacit\u00e0 di accesso al mercato.        <\/p>\n<\/div>\n<\/div>\n<\/div>\n\n\n\n<div class=\"wp-block-group alignwide is-layout-flow wp-block-group-is-layout-flow\" style=\"border-top-color:#e0e0e0;border-top-style:solid;border-top-width:1px;padding-top:40px;padding-bottom:40px\">\n<div class=\"wp-block-columns alignwide is-layout-flex wp-container-core-columns-is-layout-6127943d wp-block-columns-is-layout-flex\">\n<div class=\"wp-block-column is-layout-flow wp-block-column-is-layout-flow\" style=\"flex-basis:60%\">\n<h2 class=\"wp-block-heading\">Perch\u00e9 collaborare con Demo Phamr<\/h2>\n\n\n\n<p>\n            Demo Phamr \u00e8 un&#8217;azienda orientata alla scienza e focalizzata sulle cure specialistiche. La nostra mentalit\u00e0 di partnership \u00e8 aperta, trasparente e basata sulla creazione di valore a lungo termine per tutte le parti interessate.         <\/p>\n\n\n\n<ul class=\"wp-block-list\">\n<li>Capacit\u00e0 integrate dalla scoperta al lancio commerciale<\/li>\n\n\n\n<li>Team esperti di sviluppo e regolamentazione a livello globale<\/li>\n\n\n\n<li>Rapporti consolidati con sperimentatori e centri di eccellenza<\/li>\n\n\n\n<li>Gestione dedicata dell&#8217;alleanza per supportare la collaborazione quotidiana<\/li>\n<\/ul>\n<\/div>\n\n\n\n<div class=\"wp-block-column is-layout-flow wp-block-column-is-layout-flow\" style=\"flex-basis:40%\">\n<div class=\"wp-block-group has-border-color has-global-padding is-layout-constrained wp-container-core-group-is-layout-dc0c9796 wp-block-group-is-layout-constrained\" style=\"border-color:#e0e0e0;border-style:solid;border-width:1px;padding-top:24px;padding-right:24px;padding-bottom:24px;padding-left:24px\">\n<h3 class=\"wp-block-heading\">Panoramica dei partner<\/h3>\n\n\n\n<ul class=\"wp-block-list\">\n<li>Oltre 20 collaborazioni attive di R&amp;S<\/li>\n\n\n\n<li>Presenza in oltre 30 mercati<\/li>\n\n\n\n<li>Modello di governance trasversale dell&#8217;alleanza<\/li>\n\n\n\n<li>Strutture flessibili e opzioni di co-investimento<\/li>\n<\/ul>\n<\/div>\n<\/div>\n<\/div>\n<\/div>\n\n\n\n<div class=\"wp-block-group alignwide is-layout-flow wp-block-group-is-layout-flow\" style=\"padding-top:40px;padding-bottom:40px\">\n<h2 class=\"wp-block-heading has-text-align-center\">I nostri modelli di partnership<\/h2>\n\n\n\n<div class=\"wp-block-columns alignwide is-layout-flex wp-container-core-columns-is-layout-28f84493 wp-block-columns-is-layout-flex\">\n<div class=\"wp-block-column is-layout-flow wp-block-column-is-layout-flow\">\n<div class=\"wp-block-group has-border-color has-global-padding is-layout-constrained wp-container-core-group-is-layout-3bcd2578 wp-block-group-is-layout-constrained\" style=\"border-color:#e0e0e0;border-style:solid;border-width:1px;padding-top:24px;padding-right:24px;padding-bottom:24px;padding-left:24px\">\n<h3 class=\"wp-block-heading\">Collaborazioni in fase iniziale<\/h3>\n\n\n\n<p>\n               Ideale per nuovi meccanismi o piattaforme in fase preclinica e clinica iniziale. Apportiamo contributi scientifici, esperienza di sviluppo e partecipazione azionaria facoltativa.            <\/p>\n<\/div>\n<\/div>\n\n\n\n<div class=\"wp-block-column is-layout-flow wp-block-column-is-layout-flow\">\n<div class=\"wp-block-group has-border-color has-global-padding is-layout-constrained wp-container-core-group-is-layout-3bcd2578 wp-block-group-is-layout-constrained\" style=\"border-color:#e0e0e0;border-style:solid;border-width:1px;padding-top:24px;padding-right:24px;padding-bottom:24px;padding-left:24px\">\n<h3 class=\"wp-block-heading\">Co sviluppo e co promozione<\/h3>\n\n\n\n<p>\n               Responsabilit\u00e0 condivisa per lo sviluppo, la presentazione delle domande di autorizzazione e la commercializzazione, con strutture personalizzate per la condivisione dei rischi e la concentrazione regionale.          <\/p>\n<\/div>\n<\/div>\n\n\n\n<div class=\"wp-block-column is-layout-flow wp-block-column-is-layout-flow\">\n<div class=\"wp-block-group has-border-color has-global-padding is-layout-constrained wp-container-core-group-is-layout-3bcd2578 wp-block-group-is-layout-constrained\" style=\"border-color:#e0e0e0;border-style:solid;border-width:1px;padding-top:24px;padding-right:24px;padding-bottom:24px;padding-left:24px\">\n<h3 class=\"wp-block-heading\">Licenze regionali<\/h3>\n\n\n\n<p>\n               Per i partner che desiderano espandersi in Europa e in mercati internazionali selezionati, con il supporto delle nostre capacit\u00e0 mediche, di accesso al mercato e di catena di approvvigionamento.            <\/p>\n<\/div>\n<\/div>\n<\/div>\n<\/div>\n\n\n\n<div class=\"wp-block-group alignfull has-global-padding is-layout-constrained wp-container-core-group-is-layout-1f0de766 wp-block-group-is-layout-constrained\" style=\"padding-top:48px;padding-right:24px;padding-bottom:48px;padding-left:24px\">\n<div class=\"wp-block-group alignwide is-content-justification-space-between is-layout-flex wp-container-core-group-is-layout-23669fc3 wp-block-group-is-layout-flex\">\n<div class=\"wp-block-group has-global-padding is-layout-constrained wp-block-group-is-layout-constrained\">\n<h2 class=\"wp-block-heading\">Avete in mente una potenziale partnership<\/h2>\n\n\n\n<p>\n            Esaminiamo tutte le proposte di collaborazione in modo riservato. Condividete una breve panoramica della vostra attivit\u00e0, tecnologia o idea e il nostro team di partner vi seguir\u00e0.         <\/p>\n<\/div>\n\n\n\n<div class=\"wp-block-buttons is-layout-flex wp-block-buttons-is-layout-flex\">\n<div class=\"wp-block-button\"><a class=\"wp-block-button__link wp-element-button\">Invia una proposta<\/a><\/div>\n<\/div>\n<\/div>\n<\/div>\n\n\n\n<div class=\"wp-block-group alignwide is-layout-flow wp-block-group-is-layout-flow\" style=\"padding-top:48px;padding-bottom:80px\">\n<div class=\"wp-block-columns alignwide is-layout-flex wp-container-core-columns-is-layout-28f84493 wp-block-columns-is-layout-flex\">\n<div class=\"wp-block-column is-layout-flow wp-block-column-is-layout-flow\" style=\"flex-basis:60%\">\n<h2 class=\"wp-block-heading\">Mettetevi in contatto<\/h2>\n\n\n\n<p>\n            Per discutere di opportunit\u00e0 di partnership, contattate il nostro team di sviluppo commerciale tramite il modulo sottostante o l&#8217;indirizzo e-mail dedicato.         <\/p>\n\n\n\n<p class=\"has-small-font-size\">\n            Segnaposto del modulo: inserire qui il blocco del modulo di contatto o lo shortcode del plugin preferito.         <\/p>\n<\/div>\n\n\n\n<div class=\"wp-block-column is-layout-flow wp-block-column-is-layout-flow\" style=\"flex-basis:40%\">\n<div class=\"wp-block-group has-border-color has-global-padding is-layout-constrained wp-container-core-group-is-layout-3bcd2578 wp-block-group-is-layout-constrained\" style=\"border-color:#e0e0e0;border-style:solid;border-width:1px;padding-top:24px;padding-right:24px;padding-bottom:24px;padding-left:24px\">\n<h3 class=\"wp-block-heading\">Sviluppo commerciale<\/h3>\n\n\n\n<p>Ufficio Partenariati<br>Marchio Demo<br>123 Innovation Drive<br>Edificio A, Suite 400<br>Boston, MA 02110<br>Stati Uniti d&#8217;America<\/p>\n\n\n\n<p>Email: <a href=\"mailto:partnering@examplemarket.com\">partnering@demomarket.com<\/a><br>Telefono: +00 000 000 000<\/p>\n<\/div>\n<\/div>\n<\/div>\n<\/div>\n\n\n\n<p><\/p>\n","protected":false},"excerpt":{"rendered":"<p>Insieme ai nostri partner, acceleriamo la scoperta, lo sviluppo e la consegna di terapie innovative che mirano a migliorare i risultati dei pazienti a livello globale. Cosa cerchiamo in una partnership Ricerca e scoperta Collaboriamo con universit\u00e0, aziende biotecnologiche e istituti di ricerca su programmi di scoperta precoce, validazione di target e scienza traslazionale incentrati [&hellip;]<\/p>\n","protected":false},"author":4,"featured_media":0,"parent":0,"menu_order":0,"comment_status":"closed","ping_status":"closed","template":"","meta":{"_acf_changed":false,"_trash_the_other_posts":false,"editor_notices":[],"footnotes":""},"class_list":["post-343","page","type-page","status-publish","hentry"],"acf":[],"_links":{"self":[{"href":"https:\/\/pre.multilingualpress.syde.wpinfra.cloud\/it\/wp-json\/wp\/v2\/pages\/343","targetHints":{"allow":["GET"]}}],"collection":[{"href":"https:\/\/pre.multilingualpress.syde.wpinfra.cloud\/it\/wp-json\/wp\/v2\/pages"}],"about":[{"href":"https:\/\/pre.multilingualpress.syde.wpinfra.cloud\/it\/wp-json\/wp\/v2\/types\/page"}],"author":[{"embeddable":true,"href":"https:\/\/pre.multilingualpress.syde.wpinfra.cloud\/it\/wp-json\/wp\/v2\/users\/4"}],"replies":[{"embeddable":true,"href":"https:\/\/pre.multilingualpress.syde.wpinfra.cloud\/it\/wp-json\/wp\/v2\/comments?post=343"}],"version-history":[{"count":2,"href":"https:\/\/pre.multilingualpress.syde.wpinfra.cloud\/it\/wp-json\/wp\/v2\/pages\/343\/revisions"}],"predecessor-version":[{"id":400,"href":"https:\/\/pre.multilingualpress.syde.wpinfra.cloud\/it\/wp-json\/wp\/v2\/pages\/343\/revisions\/400"}],"wp:attachment":[{"href":"https:\/\/pre.multilingualpress.syde.wpinfra.cloud\/it\/wp-json\/wp\/v2\/media?parent=343"}],"curies":[{"name":"wp","href":"https:\/\/api.w.org\/{rel}","templated":true}]}}