{"id":301,"date":"2025-12-11T08:23:39","date_gmt":"2025-12-11T08:23:39","guid":{"rendered":"https:\/\/pre.multilingualpress.syde.wpinfra.cloud\/?page_id=301"},"modified":"2026-03-30T14:33:24","modified_gmt":"2026-03-30T14:33:24","slug":"blog-de-la-marque-demo","status":"publish","type":"page","link":"https:\/\/pre.multilingualpress.syde.wpinfra.cloud\/test-mlp-duplication\/blog-de-la-marque-demo\/","title":{"rendered":"Blog de la marque Demo"},"content":{"rendered":"\n<div class=\"wp-block-group alignwide has-global-padding is-layout-constrained wp-block-group-is-layout-constrained\" style=\"padding-top:64px;padding-bottom:48px\">\n<div class=\"wp-block-columns alignwide is-layout-flex wp-container-core-columns-is-layout-00723822 wp-block-columns-is-layout-flex\">\n<div class=\"wp-block-column is-vertically-aligned-center is-layout-flow wp-block-column-is-layout-flow\" style=\"flex-basis:60%\">\n<p class=\"has-large-font-size\">\n\t\tRestez inform\u00e9 des derni\u00e8res nouvelles, des communiqu\u00e9s de presse et des mises \u00e0 jour scientifiques de Demo Demo Brand.<\/p>\n\n\n\n<div class=\"wp-block-buttons is-layout-flex wp-block-buttons-is-layout-flex\" style=\"margin-top:24px\">\n<div class=\"wp-block-button\"><a class=\"wp-block-button__link wp-element-button\">T\u00e9l\u00e9charger le kit m\u00e9dia<\/a><\/div>\n\n\n\n<div class=\"wp-block-button is-style-outline is-style-outline--1\"><a class=\"wp-block-button__link wp-element-button\">Contacter les relations avec les m\u00e9dias<\/a><\/div>\n<\/div>\n<\/div>\n\n\n\n<div class=\"wp-block-column is-layout-flow wp-block-column-is-layout-flow\" style=\"flex-basis:40%\">\n<figure class=\"wp-block-image size-large\"><img loading=\"lazy\" decoding=\"async\" width=\"1024\" height=\"683\" src=\"https:\/\/pre.multilingualpress.syde.wpinfra.cloud\/wp-content\/uploads\/2025\/12\/newsroom-1024x683.jpg\" alt=\"\" class=\"wp-image-347\" srcset=\"https:\/\/pre.multilingualpress.syde.wpinfra.cloud\/test-mlp-duplication\/wp-content\/uploads\/sites\/28\/2025\/12\/newsroom-1024x683.jpg 1024w, https:\/\/pre.multilingualpress.syde.wpinfra.cloud\/test-mlp-duplication\/wp-content\/uploads\/sites\/28\/2025\/12\/newsroom-300x200.jpg 300w, https:\/\/pre.multilingualpress.syde.wpinfra.cloud\/test-mlp-duplication\/wp-content\/uploads\/sites\/28\/2025\/12\/newsroom-768x512.jpg 768w, https:\/\/pre.multilingualpress.syde.wpinfra.cloud\/test-mlp-duplication\/wp-content\/uploads\/sites\/28\/2025\/12\/newsroom-1536x1024.jpg 1536w, https:\/\/pre.multilingualpress.syde.wpinfra.cloud\/test-mlp-duplication\/wp-content\/uploads\/sites\/28\/2025\/12\/newsroom.jpg 1620w\" sizes=\"auto, (max-width: 1024px) 100vw, 1024px\" \/><\/figure>\n<\/div>\n<\/div>\n<\/div>\n\n\n\n<div class=\"wp-block-group alignwide is-content-justification-space-between is-layout-flex wp-container-core-group-is-layout-32fa19e9 wp-block-group-is-layout-flex\" style=\"border-top-color:#e0e0e0;border-top-style:solid;border-top-width:1px;padding-top:16px;padding-bottom:32px\">\n<p class=\"has-small-font-size\"><strong>Filtrer par sujet<\/strong><\/p>\n\n\n\n<div class=\"wp-block-buttons is-layout-flex wp-container-core-buttons-is-layout-18ab99ad wp-block-buttons-is-layout-flex\">\n<div class=\"wp-block-button is-style-outline is-style-outline--2\"><a class=\"wp-block-button__link has-custom-font-size wp-element-button\" style=\"border-radius:999px;padding-top:6px;padding-right:14px;padding-bottom:6px;padding-left:14px;font-size:13px\">Toutes les actualit\u00e9s<\/a><\/div>\n\n\n\n<div class=\"wp-block-button is-style-outline is-style-outline--3\"><a class=\"wp-block-button__link has-custom-font-size wp-element-button\" style=\"border-radius:999px;padding-top:6px;padding-right:14px;padding-bottom:6px;padding-left:14px;font-size:13px\">Communiqu\u00e9s de presse<\/a><\/div>\n\n\n\n<div class=\"wp-block-button is-style-outline is-style-outline--4\"><a class=\"wp-block-button__link has-custom-font-size wp-element-button\" style=\"border-radius:999px;padding-top:6px;padding-right:14px;padding-bottom:6px;padding-left:14px;font-size:13px\">Actualit\u00e9s de l&rsquo;entreprise<\/a><\/div>\n\n\n\n<div class=\"wp-block-button is-style-outline is-style-outline--5\"><a class=\"wp-block-button__link has-custom-font-size wp-element-button\" style=\"border-radius:999px;padding-top:6px;padding-right:14px;padding-bottom:6px;padding-left:14px;font-size:13px\">Publications scientifiques<\/a><\/div>\n<\/div>\n<\/div>\n\n\n\n<div class=\"wp-block-query alignwide has-global-padding is-layout-constrained wp-block-query-is-layout-constrained\"><ul class=\"wp-block-post-template is-layout-flow wp-block-post-template-is-layout-flow\"><li class=\"wp-block-post post-380 post type-post status-publish format-standard hentry category-non-classe\">\n\n<div class=\"wp-block-group has-border-color has-global-padding is-layout-constrained wp-container-core-group-is-layout-0a95d606 wp-block-group-is-layout-constrained\" style=\"border-color:#e0e0e0;border-style:solid;border-width:1px;padding-top:16px;padding-right:16px;padding-bottom:16px;padding-left:16px\"><div style=\"font-size:12px;text-transform:uppercase;letter-spacing:0.08em;margin-bottom:4px\" class=\"taxonomy-category wp-block-post-terms\"><a href=\"https:\/\/pre.multilingualpress.syde.wpinfra.cloud\/test-mlp-duplication\/blog\/category\/non-classe\/\" rel=\"tag\">Non class\u00e9<\/a><\/div>\n\n<h2 style=\"font-size:clamp(14px, 0.875rem + ((1vw - 3.2px) * 0.392), 18px);line-height:1.3;\" class=\"wp-block-post-title\"><a href=\"https:\/\/pre.multilingualpress.syde.wpinfra.cloud\/test-mlp-duplication\/blog\/ce-nest-quun-titre\/\" target=\"_self\" >Ce n&rsquo;est qu&rsquo;un titre<\/a><\/h2>\n\n\n<div class=\"wp-block-group is-content-justification-flex-start is-layout-flex wp-container-core-group-is-layout-65cf9b38 wp-block-group-is-layout-flex\"><div style=\"font-size:13px;\" class=\"wp-block-post-date\"><time datetime=\"2026-01-29T16:27:28+00:00\">janvier 29, 2026<\/time><\/div>\n\n\n<p>&#8211;<\/p>\n\n\n<div style=\"font-size:13px;\" class=\"wp-block-post-author\"><div class=\"wp-block-post-author__content\"><p class=\"wp-block-post-author__name\">n.gutberlet<\/p><\/div><\/div><\/div>\n\n\n<div style=\"font-size:14px;\" class=\"wp-block-post-excerpt\"><p class=\"wp-block-post-excerpt__excerpt\"><\/p><p class=\"wp-block-post-excerpt__more-text\"><a class=\"wp-block-post-excerpt__more-link\" href=\"https:\/\/pre.multilingualpress.syde.wpinfra.cloud\/test-mlp-duplication\/blog\/ce-nest-quun-titre\/\">Read more<\/a><\/p><\/div><\/div>\n\n<\/li><li class=\"wp-block-post post-372 post type-post status-publish format-standard hentry category-non-classe\">\n\n<div class=\"wp-block-group has-border-color has-global-padding is-layout-constrained wp-container-core-group-is-layout-0a95d606 wp-block-group-is-layout-constrained\" style=\"border-color:#e0e0e0;border-style:solid;border-width:1px;padding-top:16px;padding-right:16px;padding-bottom:16px;padding-left:16px\"><div style=\"font-size:12px;text-transform:uppercase;letter-spacing:0.08em;margin-bottom:4px\" class=\"taxonomy-category wp-block-post-terms\"><a href=\"https:\/\/pre.multilingualpress.syde.wpinfra.cloud\/test-mlp-duplication\/blog\/category\/non-classe\/\" rel=\"tag\">Non class\u00e9<\/a><\/div>\n\n<h2 style=\"font-size:clamp(14px, 0.875rem + ((1vw - 3.2px) * 0.392), 18px);line-height:1.3;\" class=\"wp-block-post-title\"><a href=\"https:\/\/pre.multilingualpress.syde.wpinfra.cloud\/test-mlp-duplication\/blog\/test-image-meta-copy\/\" target=\"_self\" >test image meta copy<\/a><\/h2>\n\n\n<div class=\"wp-block-group is-content-justification-flex-start is-layout-flex wp-container-core-group-is-layout-65cf9b38 wp-block-group-is-layout-flex\"><div style=\"font-size:13px;\" class=\"wp-block-post-date\"><time datetime=\"2026-01-26T17:05:47+00:00\">janvier 26, 2026<\/time><\/div>\n\n\n<p>&#8211;<\/p>\n\n\n<div style=\"font-size:13px;\" class=\"wp-block-post-author\"><div class=\"wp-block-post-author__content\"><p class=\"wp-block-post-author__name\">n.gutberlet<\/p><\/div><\/div><\/div>\n\n\n<div style=\"font-size:14px;\" class=\"wp-block-post-excerpt\"><p class=\"wp-block-post-excerpt__excerpt\"><\/p><p class=\"wp-block-post-excerpt__more-text\"><a class=\"wp-block-post-excerpt__more-link\" href=\"https:\/\/pre.multilingualpress.syde.wpinfra.cloud\/test-mlp-duplication\/blog\/test-image-meta-copy\/\">Read more<\/a><\/p><\/div><\/div>\n\n<\/li><li class=\"wp-block-post post-288 post type-post status-publish format-standard hentry category-non-classe\">\n\n<div class=\"wp-block-group has-border-color has-global-padding is-layout-constrained wp-container-core-group-is-layout-0a95d606 wp-block-group-is-layout-constrained\" style=\"border-color:#e0e0e0;border-style:solid;border-width:1px;padding-top:16px;padding-right:16px;padding-bottom:16px;padding-left:16px\"><div style=\"font-size:12px;text-transform:uppercase;letter-spacing:0.08em;margin-bottom:4px\" class=\"taxonomy-category wp-block-post-terms\"><a href=\"https:\/\/pre.multilingualpress.syde.wpinfra.cloud\/test-mlp-duplication\/blog\/category\/non-classe\/\" rel=\"tag\">Non class\u00e9<\/a><\/div>\n\n<h2 style=\"font-size:clamp(14px, 0.875rem + ((1vw - 3.2px) * 0.392), 18px);line-height:1.3;\" class=\"wp-block-post-title\"><a href=\"https:\/\/pre.multilingualpress.syde.wpinfra.cloud\/test-mlp-duplication\/blog\/temoignage-dun-patient\/\" target=\"_self\" >T\u00e9moignage d&rsquo;un patient<\/a><\/h2>\n\n\n<div class=\"wp-block-group is-content-justification-flex-start is-layout-flex wp-container-core-group-is-layout-65cf9b38 wp-block-group-is-layout-flex\"><div style=\"font-size:13px;\" class=\"wp-block-post-date\"><time datetime=\"2025-12-05T19:27:43+00:00\">d\u00e9cembre 5, 2025<\/time><\/div>\n\n\n<p>&#8211;<\/p>\n\n\n<div style=\"font-size:13px;\" class=\"wp-block-post-author\"><div class=\"wp-block-post-author__content\"><p class=\"wp-block-post-author__name\">n.gutberlet<\/p><\/div><\/div><\/div>\n\n\n<div style=\"font-size:14px;\" class=\"wp-block-post-excerpt\"><p class=\"wp-block-post-excerpt__excerpt\">Vivre avec une maladie rare : Le parcours de Maria, du diagnostic \u00e0 l&rsquo;espoir 29 octobre 2024 &#8211; 5 min read Lorsque Maria Fern\u00e1ndez a re\u00e7u le diagnostic d&rsquo;une maladie m\u00e9tabolique rare \u00e0 l&rsquo;\u00e2ge de 34 ans, les m\u00e9decins de sa ville natale de Valence, en Espagne, lui ont dit qu&rsquo;il n&rsquo;y avait pas d&rsquo;options<\/p><p class=\"wp-block-post-excerpt__more-text\"><a class=\"wp-block-post-excerpt__more-link\" href=\"https:\/\/pre.multilingualpress.syde.wpinfra.cloud\/test-mlp-duplication\/blog\/temoignage-dun-patient\/\">Read more<\/a><\/p><\/div><\/div>\n\n<\/li><li class=\"wp-block-post post-287 post type-post status-publish format-standard hentry category-non-classe\">\n\n<div class=\"wp-block-group has-border-color has-global-padding is-layout-constrained wp-container-core-group-is-layout-0a95d606 wp-block-group-is-layout-constrained\" style=\"border-color:#e0e0e0;border-style:solid;border-width:1px;padding-top:16px;padding-right:16px;padding-bottom:16px;padding-left:16px\"><div style=\"font-size:12px;text-transform:uppercase;letter-spacing:0.08em;margin-bottom:4px\" class=\"taxonomy-category wp-block-post-terms\"><a href=\"https:\/\/pre.multilingualpress.syde.wpinfra.cloud\/test-mlp-duplication\/blog\/category\/non-classe\/\" rel=\"tag\">Non class\u00e9<\/a><\/div>\n\n<h2 style=\"font-size:clamp(14px, 0.875rem + ((1vw - 3.2px) * 0.392), 18px);line-height:1.3;\" class=\"wp-block-post-title\"><a href=\"https:\/\/pre.multilingualpress.syde.wpinfra.cloud\/test-mlp-duplication\/blog\/apercus-de-lindustrie\/\" target=\"_self\" >Aper\u00e7us de l&rsquo;industrie<\/a><\/h2>\n\n\n<div class=\"wp-block-group is-content-justification-flex-start is-layout-flex wp-container-core-group-is-layout-65cf9b38 wp-block-group-is-layout-flex\"><div style=\"font-size:13px;\" class=\"wp-block-post-date\"><time datetime=\"2025-12-05T19:27:30+00:00\">d\u00e9cembre 5, 2025<\/time><\/div>\n\n\n<p>&#8211;<\/p>\n\n\n<div style=\"font-size:13px;\" class=\"wp-block-post-author\"><div class=\"wp-block-post-author__content\"><p class=\"wp-block-post-author__name\">n.gutberlet<\/p><\/div><\/div><\/div>\n\n\n<div style=\"font-size:14px;\" class=\"wp-block-post-excerpt\"><p class=\"wp-block-post-excerpt__excerpt\">L&rsquo;avenir de la m\u00e9decine personnalis\u00e9e : 5 tendances pour 2025 18 novembre 2024 &#8211; 6 min read La m\u00e9decine personnalis\u00e9e n&rsquo;est plus une promesse lointaine. Voici les cinq \u00e9volutions qui, selon nos \u00e9quipes de recherche, d\u00e9finiront le paysage au cours de l&rsquo;ann\u00e9e \u00e0 venir. 1. La d\u00e9couverte de m\u00e9dicaments pilot\u00e9e par l&rsquo;IA s&rsquo;acc\u00e9l\u00e8re Les mod\u00e8les<\/p><p class=\"wp-block-post-excerpt__more-text\"><a class=\"wp-block-post-excerpt__more-link\" href=\"https:\/\/pre.multilingualpress.syde.wpinfra.cloud\/test-mlp-duplication\/blog\/apercus-de-lindustrie\/\">Read more<\/a><\/p><\/div><\/div>\n\n<\/li><li class=\"wp-block-post post-286 post type-post status-publish format-standard hentry category-non-classe\">\n\n<div class=\"wp-block-group has-border-color has-global-padding is-layout-constrained wp-container-core-group-is-layout-0a95d606 wp-block-group-is-layout-constrained\" style=\"border-color:#e0e0e0;border-style:solid;border-width:1px;padding-top:16px;padding-right:16px;padding-bottom:16px;padding-left:16px\"><div style=\"font-size:12px;text-transform:uppercase;letter-spacing:0.08em;margin-bottom:4px\" class=\"taxonomy-category wp-block-post-terms\"><a href=\"https:\/\/pre.multilingualpress.syde.wpinfra.cloud\/test-mlp-duplication\/blog\/category\/non-classe\/\" rel=\"tag\">Non class\u00e9<\/a><\/div>\n\n<h2 style=\"font-size:clamp(14px, 0.875rem + ((1vw - 3.2px) * 0.392), 18px);line-height:1.3;\" class=\"wp-block-post-title\"><a href=\"https:\/\/pre.multilingualpress.syde.wpinfra.cloud\/test-mlp-duplication\/blog\/nouvelles-de-lentreprise\/\" target=\"_self\" >Nouvelles de l&rsquo;entreprise<\/a><\/h2>\n\n\n<div class=\"wp-block-group is-content-justification-flex-start is-layout-flex wp-container-core-group-is-layout-65cf9b38 wp-block-group-is-layout-flex\"><div style=\"font-size:13px;\" class=\"wp-block-post-date\"><time datetime=\"2025-12-05T19:27:13+00:00\">d\u00e9cembre 5, 2025<\/time><\/div>\n\n\n<p>&#8211;<\/p>\n\n\n<div style=\"font-size:13px;\" class=\"wp-block-post-author\"><div class=\"wp-block-post-author__content\"><p class=\"wp-block-post-author__name\">n.gutberlet<\/p><\/div><\/div><\/div>\n\n\n<div style=\"font-size:14px;\" class=\"wp-block-post-excerpt\"><p class=\"wp-block-post-excerpt__excerpt\">La marque Demo ouvre un nouveau centre de recherche \u00e0 Singapour 3 d\u00e9cembre 2024 &#8211; 4 min read Nous sommes fiers d&rsquo;annoncer l&rsquo;ouverture de notre tout nouveau centre de recherche et d\u00e9veloppement \u00e0 Singapour, marquant ainsi notre plus important investissement dans la r\u00e9gion Asie-Pacifique \u00e0 ce jour. L&rsquo;installation de 12 000 m\u00e8tres carr\u00e9s, situ\u00e9e \u00e0<\/p><p class=\"wp-block-post-excerpt__more-text\"><a class=\"wp-block-post-excerpt__more-link\" href=\"https:\/\/pre.multilingualpress.syde.wpinfra.cloud\/test-mlp-duplication\/blog\/nouvelles-de-lentreprise\/\">Read more<\/a><\/p><\/div><\/div>\n\n<\/li><li class=\"wp-block-post post-281 post type-post status-publish format-standard hentry category-non-classe\">\n\n<div class=\"wp-block-group has-border-color has-global-padding is-layout-constrained wp-container-core-group-is-layout-0a95d606 wp-block-group-is-layout-constrained\" style=\"border-color:#e0e0e0;border-style:solid;border-width:1px;padding-top:16px;padding-right:16px;padding-bottom:16px;padding-left:16px\"><div style=\"font-size:12px;text-transform:uppercase;letter-spacing:0.08em;margin-bottom:4px\" class=\"taxonomy-category wp-block-post-terms\"><a href=\"https:\/\/pre.multilingualpress.syde.wpinfra.cloud\/test-mlp-duplication\/blog\/category\/non-classe\/\" rel=\"tag\">Non class\u00e9<\/a><\/div>\n\n<h2 style=\"font-size:clamp(14px, 0.875rem + ((1vw - 3.2px) * 0.392), 18px);line-height:1.3;\" class=\"wp-block-post-title\"><a href=\"https:\/\/pre.multilingualpress.syde.wpinfra.cloud\/test-mlp-duplication\/blog\/test-de-bloc-personnalise\/\" target=\"_self\" >test de bloc personnalis\u00e9<\/a><\/h2>\n\n\n<div class=\"wp-block-group is-content-justification-flex-start is-layout-flex wp-container-core-group-is-layout-65cf9b38 wp-block-group-is-layout-flex\"><div style=\"font-size:13px;\" class=\"wp-block-post-date\"><time datetime=\"2025-11-09T22:12:27+00:00\">novembre 9, 2025<\/time><\/div>\n\n\n<p>&#8211;<\/p>\n\n\n<div style=\"font-size:13px;\" class=\"wp-block-post-author\"><div class=\"wp-block-post-author__content\"><p class=\"wp-block-post-author__name\">n.gutberlet<\/p><\/div><\/div><\/div>\n\n\n<div style=\"font-size:14px;\" class=\"wp-block-post-excerpt\"><p class=\"wp-block-post-excerpt__excerpt\"><\/p><p class=\"wp-block-post-excerpt__more-text\"><a class=\"wp-block-post-excerpt__more-link\" href=\"https:\/\/pre.multilingualpress.syde.wpinfra.cloud\/test-mlp-duplication\/blog\/test-de-bloc-personnalise\/\">Read more<\/a><\/p><\/div><\/div>\n\n<\/li><\/ul>\n\n\n<div class=\"wp-block-group is-content-justification-space-between is-layout-flex wp-container-core-group-is-layout-c17f25fd wp-block-group-is-layout-flex\" style=\"margin-top:40px\"><\/div>\n<\/div>\n\n\n\n<div class=\"wp-block-group alignwide has-global-padding is-layout-constrained wp-container-core-group-is-layout-a4375f5f wp-block-group-is-layout-constrained\" style=\"border-top-color:#e0e0e0;border-top-style:solid;border-top-width:1px;padding-top:48px;padding-bottom:64px\">\n<h2 class=\"wp-block-heading\">Contacts avec les m\u00e9dias<\/h2>\n\n\n\n<div class=\"wp-block-columns alignwide is-layout-flex wp-container-core-columns-is-layout-28f84493 wp-block-columns-is-layout-flex\">\n<div class=\"wp-block-column is-layout-flow wp-block-column-is-layout-flow\">\n<h3 class=\"wp-block-heading\">Relations avec les m\u00e9dias au niveau mondial<\/h3>\n\n\n\n<p>Courriel : <a href=\"mailto:media@examplemarket.com\">media@examplemarket.com<\/a><br>T\u00e9l\u00e9phone : +00 000 000 000 +00 000 000 000<\/p>\n<\/div>\n\n\n\n<div class=\"wp-block-column is-layout-flow wp-block-column-is-layout-flow\">\n<h3 class=\"wp-block-heading\">Demandes de renseignements des investisseurs<\/h3>\n\n\n\n<p>Courriel : <a href=\"mailto:ir@examplemarket.com\">ir@examplemarket.com<\/a><br>T\u00e9l\u00e9phone : +00 000 000 +00 000 000 000<\/p>\n<\/div>\n<\/div>\n<\/div>\n","protected":false},"excerpt":{"rendered":"<p>Restez inform\u00e9 des derni\u00e8res nouvelles, des communiqu\u00e9s de presse et des mises \u00e0 jour scientifiques de Demo Demo Brand. Filtrer par sujet Contacts avec les m\u00e9dias Relations avec les m\u00e9dias au niveau mondial Courriel : media@examplemarket.comT\u00e9l\u00e9phone : +00 000 000 000 +00 000 000 000 Demandes de renseignements des investisseurs Courriel : ir@examplemarket.comT\u00e9l\u00e9phone : +00 [&hellip;]<\/p>\n","protected":false},"author":4,"featured_media":0,"parent":0,"menu_order":0,"comment_status":"closed","ping_status":"closed","template":"page-no-title","meta":{"_acf_changed":false,"_trash_the_other_posts":false,"editor_notices":[],"footnotes":""},"class_list":["post-301","page","type-page","status-publish","hentry"],"acf":[],"_links":{"self":[{"href":"https:\/\/pre.multilingualpress.syde.wpinfra.cloud\/test-mlp-duplication\/wp-json\/wp\/v2\/pages\/301","targetHints":{"allow":["GET"]}}],"collection":[{"href":"https:\/\/pre.multilingualpress.syde.wpinfra.cloud\/test-mlp-duplication\/wp-json\/wp\/v2\/pages"}],"about":[{"href":"https:\/\/pre.multilingualpress.syde.wpinfra.cloud\/test-mlp-duplication\/wp-json\/wp\/v2\/types\/page"}],"author":[{"embeddable":true,"href":"https:\/\/pre.multilingualpress.syde.wpinfra.cloud\/test-mlp-duplication\/wp-json\/wp\/v2\/users\/4"}],"replies":[{"embeddable":true,"href":"https:\/\/pre.multilingualpress.syde.wpinfra.cloud\/test-mlp-duplication\/wp-json\/wp\/v2\/comments?post=301"}],"version-history":[{"count":3,"href":"https:\/\/pre.multilingualpress.syde.wpinfra.cloud\/test-mlp-duplication\/wp-json\/wp\/v2\/pages\/301\/revisions"}],"predecessor-version":[{"id":405,"href":"https:\/\/pre.multilingualpress.syde.wpinfra.cloud\/test-mlp-duplication\/wp-json\/wp\/v2\/pages\/301\/revisions\/405"}],"wp:attachment":[{"href":"https:\/\/pre.multilingualpress.syde.wpinfra.cloud\/test-mlp-duplication\/wp-json\/wp\/v2\/media?parent=301"}],"curies":[{"name":"wp","href":"https:\/\/api.w.org\/{rel}","templated":true}]}}