{"id":343,"date":"2025-12-11T11:38:34","date_gmt":"2025-12-11T11:38:34","guid":{"rendered":"https:\/\/pre.multilingualpress.syde.wpinfra.cloud\/?page_id=343"},"modified":"2026-03-30T14:33:23","modified_gmt":"2026-03-30T14:33:23","slug":"partenariats","status":"publish","type":"page","link":"https:\/\/pre.multilingualpress.syde.wpinfra.cloud\/test-mlp-duplication\/partenariats\/","title":{"rendered":"Partenariats"},"content":{"rendered":"\n<div class=\"wp-block-group alignwide has-global-padding is-layout-constrained wp-block-group-is-layout-constrained\" style=\"padding-top:80px;padding-bottom:80px\">\n<div class=\"wp-block-columns alignwide is-layout-flex wp-container-core-columns-is-layout-00723822 wp-block-columns-is-layout-flex\">\n<div class=\"wp-block-column is-vertically-aligned-center is-layout-flow wp-block-column-is-layout-flow\" style=\"flex-basis:60%\">\n<p class=\"has-large-font-size\">\n      Avec nos partenaires, nous acc\u00e9l\u00e9rons la d\u00e9couverte, le d\u00e9veloppement et la mise \u00e0 disposition de th\u00e9rapies innovantes visant \u00e0 am\u00e9liorer les r\u00e9sultats pour les patients dans le monde entier.   <\/p>\n\n\n\n<div class=\"wp-block-buttons is-layout-flex wp-block-buttons-is-layout-flex\">\n<div class=\"wp-block-button\"><a class=\"wp-block-button__link wp-element-button\">Entamer une conversation<\/a><\/div>\n\n\n\n<div class=\"wp-block-button is-style-outline is-style-outline--1\"><a class=\"wp-block-button__link wp-element-button\">T\u00e9l\u00e9charger l&rsquo;aper\u00e7u du partenariat<\/a><\/div>\n<\/div>\n<\/div>\n\n\n\n<div class=\"wp-block-column is-layout-flow wp-block-column-is-layout-flow\" style=\"flex-basis:40%\">\n<figure class=\"wp-block-image size-full\"><img loading=\"lazy\" decoding=\"async\" width=\"1600\" height=\"1138\" src=\"https:\/\/pre.multilingualpress.syde.wpinfra.cloud\/wp-content\/uploads\/2025\/12\/partnership-1.webp\" alt=\"\" class=\"wp-image-345\" srcset=\"https:\/\/pre.multilingualpress.syde.wpinfra.cloud\/test-mlp-duplication\/wp-content\/uploads\/sites\/28\/2025\/12\/partnership-1.webp 1600w, https:\/\/pre.multilingualpress.syde.wpinfra.cloud\/test-mlp-duplication\/wp-content\/uploads\/sites\/28\/2025\/12\/partnership-1-300x213.webp 300w, https:\/\/pre.multilingualpress.syde.wpinfra.cloud\/test-mlp-duplication\/wp-content\/uploads\/sites\/28\/2025\/12\/partnership-1-1024x728.webp 1024w, https:\/\/pre.multilingualpress.syde.wpinfra.cloud\/test-mlp-duplication\/wp-content\/uploads\/sites\/28\/2025\/12\/partnership-1-768x546.webp 768w, https:\/\/pre.multilingualpress.syde.wpinfra.cloud\/test-mlp-duplication\/wp-content\/uploads\/sites\/28\/2025\/12\/partnership-1-1536x1092.webp 1536w\" sizes=\"auto, (max-width: 1600px) 100vw, 1600px\" \/><\/figure>\n<\/div>\n<\/div>\n<\/div>\n\n\n\n<div class=\"wp-block-group alignwide is-layout-flow wp-block-group-is-layout-flow\" style=\"padding-top:20px;padding-bottom:40px\">\n<h2 class=\"wp-block-heading\">Ce que nous recherchons dans un partenariat<\/h2>\n\n\n\n<div class=\"wp-block-columns alignwide is-layout-flex wp-container-core-columns-is-layout-28f84493 wp-block-columns-is-layout-flex\">\n<div class=\"wp-block-column is-layout-flow wp-block-column-is-layout-flow\">\n<h3 class=\"wp-block-heading\">Recherche et d\u00e9couverte<\/h3>\n\n\n\n<p>\n            Nous collaborons avec des universit\u00e9s, des soci\u00e9t\u00e9s de biotechnologie et des instituts de recherche sur des programmes de d\u00e9couverte pr\u00e9coce, de validation de cibles et de science translationnelle ax\u00e9s sur des besoins m\u00e9dicaux importants non satisfaits.         <\/p>\n<\/div>\n\n\n\n<div class=\"wp-block-column is-layout-flow wp-block-column-is-layout-flow\">\n<h3 class=\"wp-block-heading\">D\u00e9veloppement clinique<\/h3>\n\n\n\n<p>\n            Nos \u00e9quipes de d\u00e9veloppement travaillent avec des partenaires pour concevoir et mener des \u00e9tudes cliniques, partager des donn\u00e9es et soutenir les interactions r\u00e9glementaires depuis les premiers essais chez l&rsquo;homme jusqu&rsquo;aux programmes en phase finale.       <\/p>\n<\/div>\n\n\n\n<div class=\"wp-block-column is-layout-flow wp-block-column-is-layout-flow\">\n<h3 class=\"wp-block-heading\">Collaboration commerciale<\/h3>\n\n\n\n<p>\n            Nous proposons des mod\u00e8les flexibles comprenant la co-promotion, les licences r\u00e9gionales et les alliances strat\u00e9giques qui tirent parti de notre empreinte mondiale, de notre expertise en mati\u00e8re d&rsquo;affaires m\u00e9dicales et de nos capacit\u00e9s d&rsquo;acc\u00e8s au march\u00e9.        <\/p>\n<\/div>\n<\/div>\n<\/div>\n\n\n\n<div class=\"wp-block-group alignwide is-layout-flow wp-block-group-is-layout-flow\" style=\"border-top-color:#e0e0e0;border-top-style:solid;border-top-width:1px;padding-top:40px;padding-bottom:40px\">\n<div class=\"wp-block-columns alignwide is-layout-flex wp-container-core-columns-is-layout-6127943d wp-block-columns-is-layout-flex\">\n<div class=\"wp-block-column is-layout-flow wp-block-column-is-layout-flow\" style=\"flex-basis:60%\">\n<h2 class=\"wp-block-heading\">Pourquoi s&rsquo;associer \u00e0 Demo Demo Brand<\/h2>\n\n\n\n<p>\n            Demo Phamr est une soci\u00e9t\u00e9 \u00e0 vocation scientifique qui se concentre sur les soins sp\u00e9cialis\u00e9s. Notre esprit de partenariat est ouvert, transparent et fond\u00e9 sur la cr\u00e9ation de valeur \u00e0 long terme pour toutes les parties prenantes.         <\/p>\n\n\n\n<ul class=\"wp-block-list\">\n<li>Des capacit\u00e9s int\u00e9gr\u00e9es de la d\u00e9couverte au lancement commercial<\/li>\n\n\n\n<li>Des \u00e9quipes exp\u00e9riment\u00e9es de d\u00e9veloppement et de r\u00e9glementation au niveau mondial<\/li>\n\n\n\n<li>Relations \u00e9tablies avec des chercheurs et des centres d&rsquo;excellence<\/li>\n\n\n\n<li>Gestion d&rsquo;alliance d\u00e9di\u00e9e pour soutenir la collaboration au jour le jour<\/li>\n<\/ul>\n<\/div>\n\n\n\n<div class=\"wp-block-column is-layout-flow wp-block-column-is-layout-flow\" style=\"flex-basis:40%\">\n<div class=\"wp-block-group has-border-color has-global-padding is-layout-constrained wp-container-core-group-is-layout-dc0c9796 wp-block-group-is-layout-constrained\" style=\"border-color:#e0e0e0;border-style:solid;border-width:1px;padding-top:24px;padding-right:24px;padding-bottom:24px;padding-left:24px\">\n<h3 class=\"wp-block-heading\">Aper\u00e7u des partenaires<\/h3>\n\n\n\n<ul class=\"wp-block-list\">\n<li>Plus de 20 collaborations actives en R&amp;D<\/li>\n\n\n\n<li>Pr\u00e9sence sur plus de 30 march\u00e9s<\/li>\n\n\n\n<li>Mod\u00e8le de gouvernance transversale des alliances<\/li>\n\n\n\n<li>Structures d&rsquo;accord flexibles et options de co-investissement<\/li>\n<\/ul>\n<\/div>\n<\/div>\n<\/div>\n<\/div>\n\n\n\n<div class=\"wp-block-group alignwide is-layout-flow wp-block-group-is-layout-flow\" style=\"padding-top:40px;padding-bottom:40px\">\n<h2 class=\"wp-block-heading has-text-align-center\">Nos mod\u00e8les de partenariat<\/h2>\n\n\n\n<div class=\"wp-block-columns alignwide is-layout-flex wp-container-core-columns-is-layout-28f84493 wp-block-columns-is-layout-flex\">\n<div class=\"wp-block-column is-layout-flow wp-block-column-is-layout-flow\">\n<div class=\"wp-block-group has-border-color has-global-padding is-layout-constrained wp-container-core-group-is-layout-3bcd2578 wp-block-group-is-layout-constrained\" style=\"border-color:#e0e0e0;border-style:solid;border-width:1px;padding-top:24px;padding-right:24px;padding-bottom:24px;padding-left:24px\">\n<h3 class=\"wp-block-heading\">Collaborations \u00e0 un stade pr\u00e9coce<\/h3>\n\n\n\n<p>\n               Id\u00e9ales pour les nouveaux m\u00e9canismes ou plates-formes aux stades pr\u00e9cliniques et cliniques pr\u00e9coces. Nous apportons une contribution scientifique, une expertise en mati\u00e8re de d\u00e9veloppement et une participation facultative au capital.        <\/p>\n<\/div>\n<\/div>\n\n\n\n<div class=\"wp-block-column is-layout-flow wp-block-column-is-layout-flow\">\n<div class=\"wp-block-group has-border-color has-global-padding is-layout-constrained wp-container-core-group-is-layout-3bcd2578 wp-block-group-is-layout-constrained\" style=\"border-color:#e0e0e0;border-style:solid;border-width:1px;padding-top:24px;padding-right:24px;padding-bottom:24px;padding-left:24px\">\n<h3 class=\"wp-block-heading\">Co-d\u00e9veloppement et co-promotion<\/h3>\n\n\n\n<p>\n               Responsabilit\u00e9 partag\u00e9e pour le d\u00e9veloppement, les d\u00e9p\u00f4ts r\u00e9glementaires et la commercialisation, avec des structures adapt\u00e9es pour le partage des risques et la concentration r\u00e9gionale.           <\/p>\n<\/div>\n<\/div>\n\n\n\n<div class=\"wp-block-column is-layout-flow wp-block-column-is-layout-flow\">\n<div class=\"wp-block-group has-border-color has-global-padding is-layout-constrained wp-container-core-group-is-layout-3bcd2578 wp-block-group-is-layout-constrained\" style=\"border-color:#e0e0e0;border-style:solid;border-width:1px;padding-top:24px;padding-right:24px;padding-bottom:24px;padding-left:24px\">\n<h3 class=\"wp-block-heading\">Licence r\u00e9gionale<\/h3>\n\n\n\n<p>\n               Pour les partenaires qui souhaitent \u00e9tendre leur port\u00e9e \u00e0 l&rsquo;Europe et \u00e0 certains march\u00e9s internationaux, en s&rsquo;appuyant sur nos capacit\u00e9s en mati\u00e8re de m\u00e9decine, d&rsquo;acc\u00e8s au march\u00e9 et de cha\u00eene d&rsquo;approvisionnement.            <\/p>\n<\/div>\n<\/div>\n<\/div>\n<\/div>\n\n\n\n<div class=\"wp-block-group alignfull has-global-padding is-layout-constrained wp-container-core-group-is-layout-1f0de766 wp-block-group-is-layout-constrained\" style=\"padding-top:48px;padding-right:24px;padding-bottom:48px;padding-left:24px\">\n<div class=\"wp-block-group alignwide is-content-justification-space-between is-layout-flex wp-container-core-group-is-layout-23669fc3 wp-block-group-is-layout-flex\">\n<div class=\"wp-block-group has-global-padding is-layout-constrained wp-block-group-is-layout-constrained\">\n<h2 class=\"wp-block-heading\">Vous envisagez un partenariat potentiel ?<\/h2>\n\n\n\n<p>\n            Nous examinons toutes les propositions de collaboration en toute confidentialit\u00e9. Faites-nous part d&rsquo;une br\u00e8ve pr\u00e9sentation de votre actif, de votre technologie ou de votre id\u00e9e et notre \u00e9quipe charg\u00e9e des partenariats assurera le suivi.      <\/p>\n<\/div>\n\n\n\n<div class=\"wp-block-buttons is-layout-flex wp-block-buttons-is-layout-flex\">\n<div class=\"wp-block-button\"><a class=\"wp-block-button__link wp-element-button\">Soumettre une proposition<\/a><\/div>\n<\/div>\n<\/div>\n<\/div>\n\n\n\n<div class=\"wp-block-group alignwide is-layout-flow wp-block-group-is-layout-flow\" style=\"padding-top:48px;padding-bottom:80px\">\n<div class=\"wp-block-columns alignwide is-layout-flex wp-container-core-columns-is-layout-28f84493 wp-block-columns-is-layout-flex\">\n<div class=\"wp-block-column is-layout-flow wp-block-column-is-layout-flow\" style=\"flex-basis:60%\">\n<h2 class=\"wp-block-heading\">Prendre contact<\/h2>\n\n\n\n<p>\n            Pour discuter des possibilit\u00e9s de partenariat, veuillez contacter notre \u00e9quipe de d\u00e9veloppement commercial en remplissant le formulaire ci-dessous ou en utilisant l&rsquo;adresse \u00e9lectronique pr\u00e9vue \u00e0 cet effet.      <\/p>\n\n\n\n<p class=\"has-small-font-size\">\n            Emplacement du formulaire : ins\u00e9rez votre bloc de formulaire de contact pr\u00e9f\u00e9r\u00e9 ou le shortcode de votre plugin ici.    <\/p>\n<\/div>\n\n\n\n<div class=\"wp-block-column is-layout-flow wp-block-column-is-layout-flow\" style=\"flex-basis:40%\">\n<div class=\"wp-block-group has-border-color has-global-padding is-layout-constrained wp-container-core-group-is-layout-3bcd2578 wp-block-group-is-layout-constrained\" style=\"border-color:#e0e0e0;border-style:solid;border-width:1px;padding-top:24px;padding-right:24px;padding-bottom:24px;padding-left:24px\">\n<h3 class=\"wp-block-heading\">D\u00e9veloppement commercial<\/h3>\n\n\n\n<p>Bureau des partenariats<br>Marque Demo<br>123 Innovation Drive<br>B\u00e2timent A, Suite 400<br>Boston, MA 02110<br>\u00c9tats-Unis d&rsquo;Am\u00e9rique<\/p>\n\n\n\n<p>Courriel : <a href=\"mailto:partnering@examplemarket.com\">partnering@demomarket.com<\/a><br>T\u00e9l\u00e9phone : +00 000 000 000 +00 000 000 000<\/p>\n<\/div>\n<\/div>\n<\/div>\n<\/div>\n\n\n\n<p><\/p>\n","protected":false},"excerpt":{"rendered":"<p>Avec nos partenaires, nous acc\u00e9l\u00e9rons la d\u00e9couverte, le d\u00e9veloppement et la mise \u00e0 disposition de th\u00e9rapies innovantes visant \u00e0 am\u00e9liorer les r\u00e9sultats pour les patients dans le monde entier. Ce que nous recherchons dans un partenariat Recherche et d\u00e9couverte Nous collaborons avec des universit\u00e9s, des soci\u00e9t\u00e9s de biotechnologie et des instituts de recherche sur des [&hellip;]<\/p>\n","protected":false},"author":4,"featured_media":0,"parent":0,"menu_order":0,"comment_status":"closed","ping_status":"closed","template":"","meta":{"_acf_changed":false,"_trash_the_other_posts":false,"editor_notices":[],"footnotes":""},"class_list":["post-343","page","type-page","status-publish","hentry"],"acf":[],"_links":{"self":[{"href":"https:\/\/pre.multilingualpress.syde.wpinfra.cloud\/test-mlp-duplication\/wp-json\/wp\/v2\/pages\/343","targetHints":{"allow":["GET"]}}],"collection":[{"href":"https:\/\/pre.multilingualpress.syde.wpinfra.cloud\/test-mlp-duplication\/wp-json\/wp\/v2\/pages"}],"about":[{"href":"https:\/\/pre.multilingualpress.syde.wpinfra.cloud\/test-mlp-duplication\/wp-json\/wp\/v2\/types\/page"}],"author":[{"embeddable":true,"href":"https:\/\/pre.multilingualpress.syde.wpinfra.cloud\/test-mlp-duplication\/wp-json\/wp\/v2\/users\/4"}],"replies":[{"embeddable":true,"href":"https:\/\/pre.multilingualpress.syde.wpinfra.cloud\/test-mlp-duplication\/wp-json\/wp\/v2\/comments?post=343"}],"version-history":[{"count":2,"href":"https:\/\/pre.multilingualpress.syde.wpinfra.cloud\/test-mlp-duplication\/wp-json\/wp\/v2\/pages\/343\/revisions"}],"predecessor-version":[{"id":404,"href":"https:\/\/pre.multilingualpress.syde.wpinfra.cloud\/test-mlp-duplication\/wp-json\/wp\/v2\/pages\/343\/revisions\/404"}],"wp:attachment":[{"href":"https:\/\/pre.multilingualpress.syde.wpinfra.cloud\/test-mlp-duplication\/wp-json\/wp\/v2\/media?parent=343"}],"curies":[{"name":"wp","href":"https:\/\/api.w.org\/{rel}","templated":true}]}}